{"id":2021,"date":"2024-08-06T06:55:55","date_gmt":"2024-08-06T06:55:55","guid":{"rendered":"https:\/\/dev.melchersvietnam.com\/?page_id=2021"},"modified":"2025-10-21T06:03:39","modified_gmt":"2025-10-21T06:03:39","slug":"about-us","status":"publish","type":"page","link":"https:\/\/melchersvietnam.com\/vn\/about-us\/","title":{"rendered":"V\u1ec1 Ch\u00fang T\u00f4i"},"content":{"rendered":"<div data-elementor-type=\"wp-page\" data-elementor-id=\"2021\" class=\"elementor elementor-2021\" data-elementor-post-type=\"page\">\n\t\t\t\t<div class=\"elementor-element elementor-element-37cd4182 e-con-full e-flex e-con e-parent\" data-id=\"37cd4182\" data-element_type=\"container\" data-e-type=\"container\" data-settings=\"{&quot;background_background&quot;:&quot;classic&quot;}\">\n\t\t<div class=\"elementor-element elementor-element-485fc389 e-con-full e-flex e-con e-child\" data-id=\"485fc389\" data-element_type=\"container\" data-e-type=\"container\" data-settings=\"{&quot;background_background&quot;:&quot;classic&quot;}\">\n\t\t\t\t<div class=\"elementor-element elementor-element-55749320 elementor-widget elementor-widget-heading\" data-id=\"55749320\" data-element_type=\"widget\" data-e-type=\"widget\" data-widget_type=\"heading.default\">\n\t\t\t\t<div class=\"elementor-widget-container\">\n\t\t\t\t\t<h1 class=\"elementor-heading-title elementor-size-default\">C\u00f4ng ty TNHH Melchers Vi\u1ec7t Nam<\/h1>\t\t\t\t<\/div>\n\t\t\t\t<\/div>\n\t\t\t\t<div class=\"elementor-element elementor-element-0a5142a elementor-widget elementor-widget-text-editor\" data-id=\"0a5142a\" data-element_type=\"widget\" data-e-type=\"widget\" data-widget_type=\"text-editor.default\">\n\t\t\t\t<div class=\"elementor-widget-container\">\n\t\t\t\t\t\t\t\t\t<p>TH\u00daC \u0110\u1ea8Y GIAO TH\u01af\u01a0NG, B\u1ee8T PH\u00c1 T\u0102NG TR\u01af\u1edeNG<\/p>\t\t\t\t\t\t\t\t<\/div>\n\t\t\t\t<\/div>\n\t\t\t\t<\/div>\n\t\t\t\t<\/div>\n\t\t<div class=\"elementor-element elementor-element-6a70c071 e-con-full e-flex e-con e-parent\" data-id=\"6a70c071\" data-element_type=\"container\" data-e-type=\"container\" data-settings=\"{&quot;background_background&quot;:&quot;classic&quot;}\">\n\t\t\t\t<div class=\"elementor-element elementor-element-222e6087 elementor-widget elementor-widget-text-editor\" data-id=\"222e6087\" data-element_type=\"widget\" data-e-type=\"widget\" data-widget_type=\"text-editor.default\">\n\t\t\t\t<div class=\"elementor-widget-container\">\n\t\t\t\t\t\t\t\t\t<p>C\u00f4ng ty TNHH Melchers Vi\u1ec7t Nam l\u00e0 \u0111\u1ed1i t\u00e1c uy t\u00edn v\u00e0 gi\u00e0u kinh nghi\u1ec7m trong vi\u1ec7c cung c\u1ea5p c\u00e1c s\u1ea3n ph\u1ea9m ch\u1ea5t l\u01b0\u1ee3ng cao, gi\u1ea3i ph\u00e1p chuy\u00ean bi\u1ec7t c\u0169ng nh\u01b0 ki\u1ebfn t\u1ea1o c\u00e1c d\u1ecbch v\u1ee5 l\u00e0m gia t\u0103ng gi\u00e1 tr\u1ecb  cho c\u00e1c doanh nghi\u1ec7p t\u1ea1i nhi\u1ec1u ng\u00e0nh ngh\u1ec1 kh\u00e1c nhau. V\u1edbi v\u0103n ph\u00f2ng r\u1ed9ng kh\u1eafp Vi\u1ec7t Nam v\u00e0 c\u00f3 m\u1eb7t t\u1ea1i H\u00e0 N\u1ed9i v\u00e0 Th\u00e0nh ph\u1ed1 H\u1ed3 Ch\u00ed Minh, ch\u00fang t\u00f4i k\u1ebft h\u1ee3p chuy\u00ean m\u00f4n qu\u1ed1c t\u1ebf v\u1edbi hi\u1ec3u bi\u1ebft th\u1ecb tr\u01b0\u1eddng \u0111\u1ecba ph\u01b0\u01a1ng \u0111\u1ec3 \u0111\u1ea3m b\u1ea3o truy\u1ec1n th\u00f4ng hi\u1ec7u qu\u1ea3, th\u1ea5u hi\u1ec3u v\u0103n h\u00f3a v\u00e0 \u0111\u01b0a ra nh\u1eefng ph\u00e2n t\u00edch chuy\u00ean s\u00e2u, thi\u1ebft th\u1ef1c.<\/p><p>T\u1eeb n\u0103m 1991, Melchers Vi\u1ec7t Nam \u0111\u00e3 \u0111i \u0111\u1ea7u trong l\u0129nh v\u1ef1c th\u01b0\u01a1ng m\u1ea1i qu\u1ed1c t\u1ebf v\u00e0 d\u1ecbch v\u1ee5 kinh doanh t\u1ea1i Vi\u1ec7t Nam. Kh\u1edfi \u0111\u1ea7u l\u00e0 m\u1ed9t c\u00f4ng ty th\u01b0\u01a1ng m\u1ea1i truy\u1ec1n th\u1ed1ng, Melchers Vi\u1ec7t Nam \u0111\u00e3 ph\u00e1t tri\u1ec3n th\u00e0nh m\u1ed9t nh\u00e0 cung c\u1ea5p d\u1ecbch v\u1ee5 n\u0103ng \u0111\u1ed9ng, cung c\u1ea5p b\u1ed9 gi\u1ea3i ph\u00e1p kinh doanh to\u00e0n di\u1ec7n\u2014t\u1eeb B\u00e1n h\u00e0ng &amp; Ti\u1ebfp th\u1ecb \u0111\u1ebfn D\u1ecbch v\u1ee5 H\u1eadu m\u00e3i, T\u00ecm ngu\u1ed3n cung \u1ee9ng &amp; Mua s\u1eafm, v\u00e0 D\u1ecbch v\u1ee5 Doanh nghi\u1ec7p cho c\u00e1c c\u00f4ng ty \u0111ang t\u00ecm ki\u1ebfm c\u01a1 h\u1ed9i thi\u1ebft l\u1eadp ho\u1eb7c m\u1edf r\u1ed9ng s\u1ef1 hi\u1ec7n di\u1ec7n t\u1ea1i Vi\u1ec7t Nam.<br \/><br \/>L\u00e0 m\u1ed9t ph\u1ea7n c\u1ee7a T\u1eadp \u0111o\u00e0n Melchers to\u00e0n c\u1ea7u, c\u00f3 tr\u1ee5 s\u1edf ch\u00ednh t\u1ea1i Bremen, \u0110\u1ee9c, ch\u00fang t\u00f4i \u0111\u00e3 v\u00e0 \u0111ang ph\u00e1t tri\u1ec3n t\u1eeb h\u01a1n hai th\u1ebf k\u1ef7 kinh nghi\u1ec7m th\u01b0\u01a1ng m\u1ea1i xu\u1ea5t s\u1eafc v\u00e0 m\u1ea1ng l\u01b0\u1edbi qu\u1ed1c t\u1ebf v\u1eefng m\u1ea1nh. N\u1ec1n t\u1ea3ng n\u00e0y cho ph\u00e9p ch\u00fang t\u00f4i mang \u0111\u1ebfn nh\u1eefng \u0111\u1ed5i m\u1edbi v\u00e0 ti\u00eau chu\u1ea9n to\u00e0n c\u1ea7u cho th\u1ecb tr\u01b0\u1eddng n\u1ed9i \u0111\u1ecba, \u0111\u1ed3ng th\u1eddi tri\u1ec3n khai c\u00e1c chi\u1ebfn l\u01b0\u1ee3c \u0111\u01b0\u1ee3c thi\u1ebft k\u1ebf ri\u00eang \u0111\u1ec3 th\u00fac \u0111\u1ea9y th\u00e0nh c\u00f4ng.<\/p><p>T\u1ea1i Melchers Vi\u1ec7t Nam, ch\u00fang t\u00f4i cam k\u1ebft \u0111\u1ed5i m\u1edbi, linh ho\u1ea1t v\u00e0 l\u1ea5y kh\u00e1ch h\u00e0ng l\u00e0m tr\u1ecdng t\u00e2m. Ch\u00fang t\u00f4i hi\u1ec3u r\u1eb1ng m\u1ed7i doanh nghi\u1ec7p \u0111\u1ec1u c\u00f3 \u0111\u1eb7c th\u00f9 ri\u00eang, \u0111\u00f3 l\u00e0 l\u00fd do t\u1ea1i sao ch\u00fang t\u00f4i thi\u1ebft k\u1ebf c\u00e1c gi\u1ea3i ph\u00e1p ri\u00eang bi\u1ec7t \u0111\u1ec3 \u0111\u00e1p \u1ee9ng nhu c\u1ea7u c\u1ee5 th\u1ec3 c\u1ee7a \u0111\u1ed1i t\u00e1c. Cho d\u00f9 b\u1ea1n \u0111ang h\u01b0\u1edbng t\u1edbi m\u1ee5c ti\u00eau t\u0103ng tr\u01b0\u1edfng th\u1ecb ph\u1ea7n, tinh gi\u1ea3n chu\u1ed7i cung \u1ee9ng hay thi\u1ebft l\u1eadp d\u1ea5u \u1ea5n kinh doanh l\u00e2u d\u00e0i, ch\u00fang t\u00f4i \u0111\u1ec1u cung c\u1ea5p chuy\u00ean m\u00f4n ph\u00f9 h\u1ee3p v\u00e0 n\u0103ng l\u1ef1c th\u1ef1c thi \u0111\u00e3 \u0111\u01b0\u1ee3c ch\u1ee9ng minh qua nhi\u1ec1u n\u0103m kinh nghi\u1ec7m c\u1ee7a ch\u00fang t\u00f4i.<br \/><br \/>B\u00ean c\u1ea1nh c\u00e1c d\u1ecbch v\u1ee5 \u0111\u01b0\u1ee3c cung c\u1ea5p, ch\u00fang t\u00f4i c\u00f2n cung c\u1ea5p danh m\u1ee5c m\u00e1y m\u00f3c, thi\u1ebft b\u1ecb v\u00e0 v\u1eadt t\u01b0 c\u00f4ng nghi\u1ec7p cao c\u1ea5p \u0111\u01b0\u1ee3c tuy\u1ec3n ch\u1ecdn k\u1ef9 l\u01b0\u1ee1ng. N\u0103ng l\u1ef1c t\u00ecm ngu\u1ed3n cung \u1ee9ng v\u00e0 c\u01a1 s\u1edf h\u1ea1 t\u1ea7ng h\u1eadu c\u1ea7n v\u1eefng m\u1ea1nh c\u1ee7a ch\u00fang t\u00f4i \u0111\u1ea3m b\u1ea3o kh\u00e1ch h\u00e0ng t\u1ea1i Vi\u1ec7t Nam c\u00f3 th\u1ec3 ti\u1ebfp c\u1eadn d\u1ec5 d\u00e0ng c\u00e1c s\u1ea3n ph\u1ea9m k\u1ef9 thu\u1eadt \u0111\u1eb3ng c\u1ea5p th\u1ebf gi\u1edbi \u2014 \u0111\u01b0\u1ee3c giao h\u00e0ng hi\u1ec7u qu\u1ea3 v\u00e0 \u0111\u00e1ng tin c\u1eady.<\/p>\t\t\t\t\t\t\t\t<\/div>\n\t\t\t\t<\/div>\n\t\t\t\t<\/div>\n\t\t\t\t<\/div>","protected":false},"excerpt":{"rendered":"<p>Melchers (Vietnam) Ltd. Empowering Trade, Enabling Growth Melchers Vietnam Ltd. is a trusted and experienced partner in delivering high-quality products, tailored solutions, and value-added services to businesses across a wide range of industries. With offices in Hanoi and Ho Chi Minh City, we combine international expertise with local market knowledge to ensure effective communication, cultural [&hellip;]<\/p>\n","protected":false},"author":6,"featured_media":0,"parent":0,"menu_order":0,"comment_status":"closed","ping_status":"closed","template":"","meta":{"_acf_changed":false,"footnotes":""},"class_list":["post-2021","page","type-page","status-publish","hentry"],"acf":[],"yoast_head":"<!-- This site is optimized with the Yoast SEO plugin v27.4 - https:\/\/yoast.com\/product\/yoast-seo-wordpress\/ -->\n<title>About Us | Melchers Vietnam<\/title>\n<meta name=\"description\" content=\"International Trade | Vietnam Market Entry | Tailored Business Services \u25b7 Empower your business expansion with Melchers Vietnam\" \/>\n<meta name=\"robots\" content=\"index, follow, max-snippet:-1, max-image-preview:large, max-video-preview:-1\" \/>\n<link rel=\"canonical\" href=\"https:\/\/melchersvietnam.com\/vn\/about-us\/\" \/>\n<meta property=\"og:locale\" content=\"vi_VN\" \/>\n<meta property=\"og:type\" content=\"article\" \/>\n<meta property=\"og:title\" content=\"About Us | Melchers Vietnam\" \/>\n<meta property=\"og:description\" content=\"International Trade | Vietnam Market Entry | Tailored Business Services \u25b7 Empower your business expansion with Melchers Vietnam\" \/>\n<meta property=\"og:url\" content=\"https:\/\/melchersvietnam.com\/vn\/about-us\/\" \/>\n<meta property=\"og:site_name\" content=\"Melchers Vietnam\" \/>\n<meta property=\"article:modified_time\" content=\"2025-10-21T06:03:39+00:00\" \/>\n<meta name=\"twitter:card\" content=\"summary_large_image\" \/>\n<meta name=\"twitter:label1\" content=\"\u01af\u1edbc t\u00ednh th\u1eddi gian \u0111\u1ecdc\" \/>\n\t<meta name=\"twitter:data1\" content=\"2 ph\u00fat\" \/>\n<script type=\"application\/ld+json\" class=\"yoast-schema-graph\">{\"@context\":\"https:\\\/\\\/schema.org\",\"@graph\":[{\"@type\":\"WebPage\",\"@id\":\"https:\\\/\\\/melchersvietnam.com\\\/about-us\\\/\",\"url\":\"https:\\\/\\\/melchersvietnam.com\\\/about-us\\\/\",\"name\":\"About Us | Melchers Vietnam\",\"isPartOf\":{\"@id\":\"https:\\\/\\\/melchersvietnam.com\\\/#website\"},\"datePublished\":\"2024-08-06T06:55:55+00:00\",\"dateModified\":\"2025-10-21T06:03:39+00:00\",\"description\":\"International Trade | Vietnam Market Entry | Tailored Business Services \u25b7 Empower your business expansion with Melchers Vietnam\",\"breadcrumb\":{\"@id\":\"https:\\\/\\\/melchersvietnam.com\\\/about-us\\\/#breadcrumb\"},\"inLanguage\":\"vi\",\"potentialAction\":[{\"@type\":\"ReadAction\",\"target\":[\"https:\\\/\\\/melchersvietnam.com\\\/about-us\\\/\"]}]},{\"@type\":\"BreadcrumbList\",\"@id\":\"https:\\\/\\\/melchersvietnam.com\\\/about-us\\\/#breadcrumb\",\"itemListElement\":[{\"@type\":\"ListItem\",\"position\":1,\"name\":\"Home\",\"item\":\"https:\\\/\\\/melchersvietnam.com\\\/\"},{\"@type\":\"ListItem\",\"position\":2,\"name\":\"About Us\"}]},{\"@type\":\"WebSite\",\"@id\":\"https:\\\/\\\/melchersvietnam.com\\\/#website\",\"url\":\"https:\\\/\\\/melchersvietnam.com\\\/\",\"name\":\"Melchers Vietnam\",\"description\":\"\",\"publisher\":{\"@id\":\"https:\\\/\\\/melchersvietnam.com\\\/#organization\"},\"alternateName\":\"Melchers Vietnam\",\"potentialAction\":[{\"@type\":\"SearchAction\",\"target\":{\"@type\":\"EntryPoint\",\"urlTemplate\":\"https:\\\/\\\/melchersvietnam.com\\\/?s={search_term_string}\"},\"query-input\":{\"@type\":\"PropertyValueSpecification\",\"valueRequired\":true,\"valueName\":\"search_term_string\"}}],\"inLanguage\":\"vi\"},{\"@type\":\"Organization\",\"@id\":\"https:\\\/\\\/melchersvietnam.com\\\/#organization\",\"name\":\"Melchers Thailand\",\"url\":\"https:\\\/\\\/melchersvietnam.com\\\/\",\"logo\":{\"@type\":\"ImageObject\",\"inLanguage\":\"vi\",\"@id\":\"https:\\\/\\\/melchersvietnam.com\\\/#\\\/schema\\\/logo\\\/image\\\/\",\"url\":\"https:\\\/\\\/melchersvietnam.com\\\/wp-content\\\/uploads\\\/2024\\\/07\\\/Melchers_Logo_2021_RGB_RZ.png\",\"contentUrl\":\"https:\\\/\\\/melchersvietnam.com\\\/wp-content\\\/uploads\\\/2024\\\/07\\\/Melchers_Logo_2021_RGB_RZ.png\",\"width\":1000,\"height\":410,\"caption\":\"Melchers Thailand\"},\"image\":{\"@id\":\"https:\\\/\\\/melchersvietnam.com\\\/#\\\/schema\\\/logo\\\/image\\\/\"}}]}<\/script>\n<!-- \/ Yoast SEO plugin. -->","yoast_head_json":{"title":"About Us | Melchers Vietnam","description":"International Trade | Vietnam Market Entry | Tailored Business Services \u25b7 Empower your business expansion with Melchers Vietnam","robots":{"index":"index","follow":"follow","max-snippet":"max-snippet:-1","max-image-preview":"max-image-preview:large","max-video-preview":"max-video-preview:-1"},"canonical":"https:\/\/melchersvietnam.com\/vn\/about-us\/","og_locale":"vi_VN","og_type":"article","og_title":"About Us | Melchers Vietnam","og_description":"International Trade | Vietnam Market Entry | Tailored Business Services \u25b7 Empower your business expansion with Melchers Vietnam","og_url":"https:\/\/melchersvietnam.com\/vn\/about-us\/","og_site_name":"Melchers Vietnam","article_modified_time":"2025-10-21T06:03:39+00:00","twitter_card":"summary_large_image","twitter_misc":{"\u01af\u1edbc t\u00ednh th\u1eddi gian \u0111\u1ecdc":"2 ph\u00fat"},"schema":{"@context":"https:\/\/schema.org","@graph":[{"@type":"WebPage","@id":"https:\/\/melchersvietnam.com\/about-us\/","url":"https:\/\/melchersvietnam.com\/about-us\/","name":"About Us | Melchers Vietnam","isPartOf":{"@id":"https:\/\/melchersvietnam.com\/#website"},"datePublished":"2024-08-06T06:55:55+00:00","dateModified":"2025-10-21T06:03:39+00:00","description":"International Trade | Vietnam Market Entry | Tailored Business Services \u25b7 Empower your business expansion with Melchers Vietnam","breadcrumb":{"@id":"https:\/\/melchersvietnam.com\/about-us\/#breadcrumb"},"inLanguage":"vi","potentialAction":[{"@type":"ReadAction","target":["https:\/\/melchersvietnam.com\/about-us\/"]}]},{"@type":"BreadcrumbList","@id":"https:\/\/melchersvietnam.com\/about-us\/#breadcrumb","itemListElement":[{"@type":"ListItem","position":1,"name":"Home","item":"https:\/\/melchersvietnam.com\/"},{"@type":"ListItem","position":2,"name":"About Us"}]},{"@type":"WebSite","@id":"https:\/\/melchersvietnam.com\/#website","url":"https:\/\/melchersvietnam.com\/","name":"Melchers Vi\u1ec7t Nam","description":"","publisher":{"@id":"https:\/\/melchersvietnam.com\/#organization"},"alternateName":"Melchers Vietnam","potentialAction":[{"@type":"SearchAction","target":{"@type":"EntryPoint","urlTemplate":"https:\/\/melchersvietnam.com\/?s={search_term_string}"},"query-input":{"@type":"PropertyValueSpecification","valueRequired":true,"valueName":"search_term_string"}}],"inLanguage":"vi"},{"@type":"Organization","@id":"https:\/\/melchersvietnam.com\/#organization","name":"Melchers Thailand","url":"https:\/\/melchersvietnam.com\/","logo":{"@type":"ImageObject","inLanguage":"vi","@id":"https:\/\/melchersvietnam.com\/#\/schema\/logo\/image\/","url":"https:\/\/melchersvietnam.com\/wp-content\/uploads\/2024\/07\/Melchers_Logo_2021_RGB_RZ.png","contentUrl":"https:\/\/melchersvietnam.com\/wp-content\/uploads\/2024\/07\/Melchers_Logo_2021_RGB_RZ.png","width":1000,"height":410,"caption":"Melchers Thailand"},"image":{"@id":"https:\/\/melchersvietnam.com\/#\/schema\/logo\/image\/"}}]}},"_links":{"self":[{"href":"https:\/\/melchersvietnam.com\/vn\/wp-json\/wp\/v2\/pages\/2021","targetHints":{"allow":["GET"]}}],"collection":[{"href":"https:\/\/melchersvietnam.com\/vn\/wp-json\/wp\/v2\/pages"}],"about":[{"href":"https:\/\/melchersvietnam.com\/vn\/wp-json\/wp\/v2\/types\/page"}],"author":[{"embeddable":true,"href":"https:\/\/melchersvietnam.com\/vn\/wp-json\/wp\/v2\/users\/6"}],"replies":[{"embeddable":true,"href":"https:\/\/melchersvietnam.com\/vn\/wp-json\/wp\/v2\/comments?post=2021"}],"version-history":[{"count":60,"href":"https:\/\/melchersvietnam.com\/vn\/wp-json\/wp\/v2\/pages\/2021\/revisions"}],"predecessor-version":[{"id":6433,"href":"https:\/\/melchersvietnam.com\/vn\/wp-json\/wp\/v2\/pages\/2021\/revisions\/6433"}],"wp:attachment":[{"href":"https:\/\/melchersvietnam.com\/vn\/wp-json\/wp\/v2\/media?parent=2021"}],"curies":[{"name":"wp","href":"https:\/\/api.w.org\/{rel}","templated":true}]}}