{"id":5880,"date":"2025-08-27T06:40:36","date_gmt":"2025-08-27T06:40:36","guid":{"rendered":"https:\/\/dev.melchersvietnam.com\/?page_id=5880"},"modified":"2026-03-11T03:47:32","modified_gmt":"2026-03-11T03:47:32","slug":"can-making","status":"publish","type":"page","link":"https:\/\/melchersvietnam.com\/vn\/products-solutions\/can-making\/","title":{"rendered":"S\u1ea3n xu\u1ea5t lon"},"content":{"rendered":"<div data-elementor-type=\"wp-page\" data-elementor-id=\"5880\" class=\"elementor elementor-5880\" data-elementor-post-type=\"page\">\n\t\t\t\t<div class=\"elementor-element elementor-element-46750285 e-con-full e-flex e-con e-parent\" data-id=\"46750285\" data-element_type=\"container\" data-e-type=\"container\" data-settings=\"{&quot;background_background&quot;:&quot;classic&quot;}\">\n\t\t<div class=\"elementor-element elementor-element-6b11423a e-con-full e-flex e-con e-child\" data-id=\"6b11423a\" data-element_type=\"container\" data-e-type=\"container\" data-settings=\"{&quot;background_background&quot;:&quot;classic&quot;}\">\n\t\t\t\t<div class=\"elementor-element elementor-element-3d4a8ab2 elementor-widget elementor-widget-heading\" data-id=\"3d4a8ab2\" data-element_type=\"widget\" data-e-type=\"widget\" data-widget_type=\"heading.default\">\n\t\t\t\t<div class=\"elementor-widget-container\">\n\t\t\t\t\t<h1 class=\"elementor-heading-title elementor-size-default\">S\u1ea3n xu\u1ea5t lon<\/h1>\t\t\t\t<\/div>\n\t\t\t\t<\/div>\n\t\t\t\t<\/div>\n\t\t\t\t<\/div>\n\t\t<div class=\"elementor-element elementor-element-0351def e-con-full e-flex e-con e-parent\" data-id=\"0351def\" data-element_type=\"container\" data-e-type=\"container\" data-settings=\"{&quot;background_background&quot;:&quot;classic&quot;}\">\n\t\t\t\t<div class=\"elementor-element elementor-element-dbdc1df elementor-widget elementor-widget-text-editor\" data-id=\"dbdc1df\" data-element_type=\"widget\" data-e-type=\"widget\" data-widget_type=\"text-editor.default\">\n\t\t\t\t<div class=\"elementor-widget-container\">\n\t\t\t\t\t\t\t\t\t<p>S\u1ea3n xu\u1ea5t lon l\u00e0 quy tr\u00ecnh c\u00f4ng nghi\u1ec7p t\u1ea1o ra lon kim lo\u1ea1i d\u00f9ng \u0111\u1ec3 \u0111\u00f3ng g\u00f3i th\u1ef1c ph\u1ea9m, \u0111\u1ed3 u\u1ed1ng v\u00e0 c\u00e1c s\u1ea3n ph\u1ea9m ti\u00eau d\u00f9ng kh\u00e1c. T\u1ea1i Melchers Vietnam, ch\u00fang t\u00f4i cung c\u1ea5p c\u00e1c gi\u1ea3i ph\u00e1p v\u00e0 c\u00f4ng ngh\u1ec7 ti\u00ean ti\u1ebfn cho t\u1eebng giai \u0111o\u1ea1n s\u1ea3n xu\u1ea5t lon \u2013 t\u1eeb t\u1ea1o th\u00e2n, h\u00e0n, ph\u1ee7 \u0111\u1ebfn in \u1ea5n. M\u1ee5c ti\u00eau c\u1ee7a ch\u00fang t\u00f4i l\u00e0 h\u1ed7 tr\u1ee3 c\u00e1c nh\u00e0 s\u1ea3n xu\u1ea5t v\u1edbi thi\u1ebft b\u1ecb ch\u1ea5t l\u01b0\u1ee3ng cao, hi\u1ec7u qu\u1ea3 v\u00e0 \u0111\u00e1ng tin c\u1eady, ph\u00f9 h\u1ee3p v\u1edbi y\u00eau c\u1ea7u c\u1ee7a ng\u00e0nh bao b\u00ec kim lo\u1ea1i.<\/p>\t\t\t\t\t\t\t\t<\/div>\n\t\t\t\t<\/div>\n\t\t\t\t<\/div>\n\t\t<div class=\"elementor-element elementor-element-6cbd7a5 e-con-full e-flex e-con e-child\" data-id=\"6cbd7a5\" data-element_type=\"container\" data-e-type=\"container\" data-settings=\"{&quot;background_background&quot;:&quot;classic&quot;}\">\n\t\t<div class=\"elementor-element elementor-element-bd715fb e-con-full e-flex e-con e-child\" data-id=\"bd715fb\" data-element_type=\"container\" data-e-type=\"container\">\n\t\t<div class=\"elementor-element elementor-element-ee3149b e-con-full e-flex e-con e-child\" data-id=\"ee3149b\" data-element_type=\"container\" data-e-type=\"container\">\n\t\t\t\t<div class=\"elementor-element elementor-element-53e91a2 elementor-widget elementor-widget-image\" data-id=\"53e91a2\" data-element_type=\"widget\" data-e-type=\"widget\" data-widget_type=\"image.default\">\n\t\t\t\t<div class=\"elementor-widget-container\">\n\t\t\t\t\t\t\t\t\t\t\t\t\t\t\t<img decoding=\"async\" width=\"318\" height=\"105\" src=\"https:\/\/melchersvietnam.com\/wp-content\/uploads\/2026\/02\/Logo-3.png\" class=\"attachment-large size-large wp-image-6729\" alt=\"\" srcset=\"https:\/\/melchersvietnam.com\/wp-content\/uploads\/2026\/02\/Logo-3.png 318w, https:\/\/melchersvietnam.com\/wp-content\/uploads\/2026\/02\/Logo-3-300x99.png 300w, https:\/\/melchersvietnam.com\/wp-content\/uploads\/2026\/02\/Logo-3-18x6.png 18w\" sizes=\"(max-width: 318px) 100vw, 318px\" \/>\t\t\t\t\t\t\t\t\t\t\t\t\t\t\t<\/div>\n\t\t\t\t<\/div>\n\t\t\t\t<div class=\"elementor-element elementor-element-121079d elementor-widget elementor-widget-text-editor\" data-id=\"121079d\" data-element_type=\"widget\" data-e-type=\"widget\" data-widget_type=\"text-editor.default\">\n\t\t\t\t<div class=\"elementor-widget-container\">\n\t\t\t\t\t\t\t\t\t<p>Soudronic l\u00e0 m\u1ed9t nh\u00e0 s\u1ea3n xu\u1ea5t \u0111\u1ebfn t\u1eeb Th\u1ee5y S\u0129 \u0111\u01b0\u1ee3c c\u00f4ng nh\u1eadn tr\u00ean to\u00e0n c\u1ea7u, th\u00e0nh l\u1eadp n\u0103m 1953, chuy\u00ean v\u1ec1 c\u00e1c h\u1ec7 th\u1ed1ng s\u1ea3n xu\u1ea5t lon ti\u00ean ti\u1ebfn cho ng\u00e0nh bao b\u00ec kim lo\u1ea1i. N\u1ed5i ti\u1ebfng v\u1edbi k\u1ef9 thu\u1eadt ch\u00ednh x\u00e1c v\u00e0 tinh th\u1ea7n \u0111\u1ed5i m\u1edbi, Soudronic cung c\u1ea5p c\u00e1c gi\u1ea3i ph\u00e1p to\u00e0n di\u1ec7n cho vi\u1ec7c s\u1ea3n xu\u1ea5t lon ba m\u1ea3nh, lon hai m\u1ea3nh, n\u1eafp lon v\u00e0 c\u00e1c h\u1ec7 th\u1ed1ng n\u1eafp b\u00f3c (peel-off).\u00a0<\/p>\t\t\t\t\t\t\t\t<\/div>\n\t\t\t\t<\/div>\n\t\t\t\t<div class=\"elementor-element elementor-element-b849fc7 elementor-align-left elementor-widget__width-initial elementor-widget elementor-widget-button\" data-id=\"b849fc7\" data-element_type=\"widget\" data-e-type=\"widget\" data-widget_type=\"button.default\">\n\t\t\t\t<div class=\"elementor-widget-container\">\n\t\t\t\t\t\t\t\t\t<div class=\"elementor-button-wrapper\">\n\t\t\t\t\t<a class=\"elementor-button elementor-button-link elementor-size-sm\" href=\"https:\/\/soudronic.com\/\" target=\"_blank\">\n\t\t\t\t\t\t<span class=\"elementor-button-content-wrapper\">\n\t\t\t\t\t\t\t\t\t<span class=\"elementor-button-text\">Xem th\u00eam t\u1ea1i Website<\/span>\n\t\t\t\t\t<\/span>\n\t\t\t\t\t<\/a>\n\t\t\t\t<\/div>\n\t\t\t\t\t\t\t\t<\/div>\n\t\t\t\t<\/div>\n\t\t\t\t<div class=\"elementor-element elementor-element-3d846f3 elementor-align-left elementor-widget elementor-widget-button\" data-id=\"3d846f3\" data-element_type=\"widget\" data-e-type=\"widget\" data-widget_type=\"button.default\">\n\t\t\t\t<div class=\"elementor-widget-container\">\n\t\t\t\t\t\t\t\t\t<div class=\"elementor-button-wrapper\">\n\t\t\t\t\t<a class=\"elementor-button elementor-button-link elementor-size-sm\" href=\"mailto:nghia.th@melchersvietnam.com\" target=\"_blank\">\n\t\t\t\t\t\t<span class=\"elementor-button-content-wrapper\">\n\t\t\t\t\t\t\t\t\t<span class=\"elementor-button-text\">Li\u00ean h\u1ec7 ch\u00fang t\u00f4i<\/span>\n\t\t\t\t\t<\/span>\n\t\t\t\t\t<\/a>\n\t\t\t\t<\/div>\n\t\t\t\t\t\t\t\t<\/div>\n\t\t\t\t<\/div>\n\t\t\t\t<\/div>\n\t\t<div class=\"elementor-element elementor-element-e06516b e-con-full e-flex e-con e-child\" data-id=\"e06516b\" data-element_type=\"container\" data-e-type=\"container\">\n\t\t\t\t<div class=\"elementor-element elementor-element-5efb660 elementor-widget elementor-widget-image\" data-id=\"5efb660\" data-element_type=\"widget\" data-e-type=\"widget\" data-widget_type=\"image.default\">\n\t\t\t\t<div class=\"elementor-widget-container\">\n\t\t\t\t\t\t\t\t\t\t\t\t\t\t\t<img fetchpriority=\"high\" decoding=\"async\" width=\"2048\" height=\"1365\" src=\"https:\/\/melchersvietnam.com\/wp-content\/uploads\/2026\/02\/various-canned-food-metal-cans-isolated-white-background-2048x1365.jpg\" class=\"attachment-2048x2048 size-2048x2048 wp-image-6730\" alt=\"\" srcset=\"https:\/\/melchersvietnam.com\/wp-content\/uploads\/2026\/02\/various-canned-food-metal-cans-isolated-white-background-2048x1365.jpg 2048w, https:\/\/melchersvietnam.com\/wp-content\/uploads\/2026\/02\/various-canned-food-metal-cans-isolated-white-background-300x200.jpg 300w, https:\/\/melchersvietnam.com\/wp-content\/uploads\/2026\/02\/various-canned-food-metal-cans-isolated-white-background-1024x683.jpg 1024w, https:\/\/melchersvietnam.com\/wp-content\/uploads\/2026\/02\/various-canned-food-metal-cans-isolated-white-background-768x512.jpg 768w, https:\/\/melchersvietnam.com\/wp-content\/uploads\/2026\/02\/various-canned-food-metal-cans-isolated-white-background-1536x1024.jpg 1536w, https:\/\/melchersvietnam.com\/wp-content\/uploads\/2026\/02\/various-canned-food-metal-cans-isolated-white-background-18x12.jpg 18w\" sizes=\"(max-width: 2048px) 100vw, 2048px\" \/>\t\t\t\t\t\t\t\t\t\t\t\t\t\t\t<\/div>\n\t\t\t\t<\/div>\n\t\t\t\t<\/div>\n\t\t\t\t<\/div>\n\t\t\t\t<\/div>\n\t\t\t\t<\/div>","protected":false},"excerpt":{"rendered":"<p>Can Making Can Making is the industrial process of producing metal cans used for packaging food, beverages, and various consumer goods. At Melchers Vietnam, we provide advanced solutions and technologies for every stage of the can manufacturing process\u2014from body forming and welding to coating and printing. Our goal is to support manufacturers with reliable, efficient, [&hellip;]<\/p>\n","protected":false},"author":6,"featured_media":0,"parent":1380,"menu_order":0,"comment_status":"closed","ping_status":"closed","template":"","meta":{"_acf_changed":false,"footnotes":""},"class_list":["post-5880","page","type-page","status-publish","hentry"],"acf":[],"yoast_head":"<!-- This site is optimized with the Yoast SEO plugin v27.4 - https:\/\/yoast.com\/product\/yoast-seo-wordpress\/ -->\n<title>Can Making | Melchers Vietnam<\/title>\n<meta name=\"description\" content=\"Soudronic | Metal Packaging | Welding &amp; Coating | High-Speed Production \u25b7 Discover precision can making technologies with Melchers Vietnam\" \/>\n<meta name=\"robots\" content=\"index, follow, max-snippet:-1, max-image-preview:large, max-video-preview:-1\" \/>\n<link rel=\"canonical\" href=\"https:\/\/melchersvietnam.com\/vn\/products-solutions\/can-making\/\" \/>\n<meta property=\"og:locale\" content=\"vi_VN\" \/>\n<meta property=\"og:type\" content=\"article\" \/>\n<meta property=\"og:title\" content=\"Can Making | Melchers Vietnam\" \/>\n<meta property=\"og:description\" content=\"Soudronic | Metal Packaging | Welding &amp; Coating | High-Speed Production \u25b7 Discover precision can making technologies with Melchers Vietnam\" \/>\n<meta property=\"og:url\" content=\"https:\/\/melchersvietnam.com\/vn\/products-solutions\/can-making\/\" \/>\n<meta property=\"og:site_name\" content=\"Melchers Vietnam\" \/>\n<meta property=\"article:modified_time\" content=\"2026-03-11T03:47:32+00:00\" \/>\n<meta property=\"og:image\" content=\"https:\/\/melchersvietnam.com\/wp-content\/uploads\/2026\/02\/Logo-3.png\" \/>\n\t<meta property=\"og:image:width\" content=\"318\" \/>\n\t<meta property=\"og:image:height\" content=\"105\" \/>\n\t<meta property=\"og:image:type\" content=\"image\/png\" \/>\n<meta name=\"twitter:card\" content=\"summary_large_image\" \/>\n<meta name=\"twitter:label1\" content=\"\u01af\u1edbc t\u00ednh th\u1eddi gian \u0111\u1ecdc\" \/>\n\t<meta name=\"twitter:data1\" content=\"1 ph\u00fat\" \/>\n<script type=\"application\/ld+json\" class=\"yoast-schema-graph\">{\"@context\":\"https:\\\/\\\/schema.org\",\"@graph\":[{\"@type\":\"WebPage\",\"@id\":\"https:\\\/\\\/melchersvietnam.com\\\/products-solutions\\\/can-making\\\/\",\"url\":\"https:\\\/\\\/melchersvietnam.com\\\/products-solutions\\\/can-making\\\/\",\"name\":\"Can Making | Melchers Vietnam\",\"isPartOf\":{\"@id\":\"https:\\\/\\\/melchersvietnam.com\\\/#website\"},\"primaryImageOfPage\":{\"@id\":\"https:\\\/\\\/melchersvietnam.com\\\/products-solutions\\\/can-making\\\/#primaryimage\"},\"image\":{\"@id\":\"https:\\\/\\\/melchersvietnam.com\\\/products-solutions\\\/can-making\\\/#primaryimage\"},\"thumbnailUrl\":\"https:\\\/\\\/melchersvietnam.com\\\/wp-content\\\/uploads\\\/2026\\\/02\\\/Logo-3.png\",\"datePublished\":\"2025-08-27T06:40:36+00:00\",\"dateModified\":\"2026-03-11T03:47:32+00:00\",\"description\":\"Soudronic | Metal Packaging | Welding & Coating | High-Speed Production \u25b7 Discover precision can making technologies with Melchers Vietnam\",\"breadcrumb\":{\"@id\":\"https:\\\/\\\/melchersvietnam.com\\\/products-solutions\\\/can-making\\\/#breadcrumb\"},\"inLanguage\":\"vi\",\"potentialAction\":[{\"@type\":\"ReadAction\",\"target\":[\"https:\\\/\\\/melchersvietnam.com\\\/products-solutions\\\/can-making\\\/\"]}]},{\"@type\":\"ImageObject\",\"inLanguage\":\"vi\",\"@id\":\"https:\\\/\\\/melchersvietnam.com\\\/products-solutions\\\/can-making\\\/#primaryimage\",\"url\":\"https:\\\/\\\/melchersvietnam.com\\\/wp-content\\\/uploads\\\/2026\\\/02\\\/Logo-3.png\",\"contentUrl\":\"https:\\\/\\\/melchersvietnam.com\\\/wp-content\\\/uploads\\\/2026\\\/02\\\/Logo-3.png\"},{\"@type\":\"BreadcrumbList\",\"@id\":\"https:\\\/\\\/melchersvietnam.com\\\/products-solutions\\\/can-making\\\/#breadcrumb\",\"itemListElement\":[{\"@type\":\"ListItem\",\"position\":1,\"name\":\"Home\",\"item\":\"https:\\\/\\\/melchersvietnam.com\\\/\"},{\"@type\":\"ListItem\",\"position\":2,\"name\":\"Products &amp; Solutions\",\"item\":\"https:\\\/\\\/melchersvietnam.com\\\/products-solutions\\\/\"},{\"@type\":\"ListItem\",\"position\":3,\"name\":\"Can Making\"}]},{\"@type\":\"WebSite\",\"@id\":\"https:\\\/\\\/melchersvietnam.com\\\/#website\",\"url\":\"https:\\\/\\\/melchersvietnam.com\\\/\",\"name\":\"Melchers Vietnam\",\"description\":\"\",\"publisher\":{\"@id\":\"https:\\\/\\\/melchersvietnam.com\\\/#organization\"},\"alternateName\":\"Melchers Vietnam\",\"potentialAction\":[{\"@type\":\"SearchAction\",\"target\":{\"@type\":\"EntryPoint\",\"urlTemplate\":\"https:\\\/\\\/melchersvietnam.com\\\/?s={search_term_string}\"},\"query-input\":{\"@type\":\"PropertyValueSpecification\",\"valueRequired\":true,\"valueName\":\"search_term_string\"}}],\"inLanguage\":\"vi\"},{\"@type\":\"Organization\",\"@id\":\"https:\\\/\\\/melchersvietnam.com\\\/#organization\",\"name\":\"Melchers Thailand\",\"url\":\"https:\\\/\\\/melchersvietnam.com\\\/\",\"logo\":{\"@type\":\"ImageObject\",\"inLanguage\":\"vi\",\"@id\":\"https:\\\/\\\/melchersvietnam.com\\\/#\\\/schema\\\/logo\\\/image\\\/\",\"url\":\"https:\\\/\\\/melchersvietnam.com\\\/wp-content\\\/uploads\\\/2024\\\/07\\\/Melchers_Logo_2021_RGB_RZ.png\",\"contentUrl\":\"https:\\\/\\\/melchersvietnam.com\\\/wp-content\\\/uploads\\\/2024\\\/07\\\/Melchers_Logo_2021_RGB_RZ.png\",\"width\":1000,\"height\":410,\"caption\":\"Melchers Thailand\"},\"image\":{\"@id\":\"https:\\\/\\\/melchersvietnam.com\\\/#\\\/schema\\\/logo\\\/image\\\/\"}}]}<\/script>\n<!-- \/ Yoast SEO plugin. -->","yoast_head_json":{"title":"Can Making | Melchers Vietnam","description":"Soudronic | Metal Packaging | Welding & Coating | High-Speed Production \u25b7 Discover precision can making technologies with Melchers Vietnam","robots":{"index":"index","follow":"follow","max-snippet":"max-snippet:-1","max-image-preview":"max-image-preview:large","max-video-preview":"max-video-preview:-1"},"canonical":"https:\/\/melchersvietnam.com\/vn\/products-solutions\/can-making\/","og_locale":"vi_VN","og_type":"article","og_title":"Can Making | Melchers Vietnam","og_description":"Soudronic | Metal Packaging | Welding & Coating | High-Speed Production \u25b7 Discover precision can making technologies with Melchers Vietnam","og_url":"https:\/\/melchersvietnam.com\/vn\/products-solutions\/can-making\/","og_site_name":"Melchers Vietnam","article_modified_time":"2026-03-11T03:47:32+00:00","og_image":[{"width":318,"height":105,"url":"https:\/\/melchersvietnam.com\/wp-content\/uploads\/2026\/02\/Logo-3.png","type":"image\/png"}],"twitter_card":"summary_large_image","twitter_misc":{"\u01af\u1edbc t\u00ednh th\u1eddi gian \u0111\u1ecdc":"1 ph\u00fat"},"schema":{"@context":"https:\/\/schema.org","@graph":[{"@type":"WebPage","@id":"https:\/\/melchersvietnam.com\/products-solutions\/can-making\/","url":"https:\/\/melchersvietnam.com\/products-solutions\/can-making\/","name":"Can Making | Melchers Vietnam","isPartOf":{"@id":"https:\/\/melchersvietnam.com\/#website"},"primaryImageOfPage":{"@id":"https:\/\/melchersvietnam.com\/products-solutions\/can-making\/#primaryimage"},"image":{"@id":"https:\/\/melchersvietnam.com\/products-solutions\/can-making\/#primaryimage"},"thumbnailUrl":"https:\/\/melchersvietnam.com\/wp-content\/uploads\/2026\/02\/Logo-3.png","datePublished":"2025-08-27T06:40:36+00:00","dateModified":"2026-03-11T03:47:32+00:00","description":"Soudronic | Metal Packaging | Welding & Coating | High-Speed Production \u25b7 Discover precision can making technologies with Melchers Vietnam","breadcrumb":{"@id":"https:\/\/melchersvietnam.com\/products-solutions\/can-making\/#breadcrumb"},"inLanguage":"vi","potentialAction":[{"@type":"ReadAction","target":["https:\/\/melchersvietnam.com\/products-solutions\/can-making\/"]}]},{"@type":"ImageObject","inLanguage":"vi","@id":"https:\/\/melchersvietnam.com\/products-solutions\/can-making\/#primaryimage","url":"https:\/\/melchersvietnam.com\/wp-content\/uploads\/2026\/02\/Logo-3.png","contentUrl":"https:\/\/melchersvietnam.com\/wp-content\/uploads\/2026\/02\/Logo-3.png"},{"@type":"BreadcrumbList","@id":"https:\/\/melchersvietnam.com\/products-solutions\/can-making\/#breadcrumb","itemListElement":[{"@type":"ListItem","position":1,"name":"Home","item":"https:\/\/melchersvietnam.com\/"},{"@type":"ListItem","position":2,"name":"Products &amp; Solutions","item":"https:\/\/melchersvietnam.com\/products-solutions\/"},{"@type":"ListItem","position":3,"name":"Can Making"}]},{"@type":"WebSite","@id":"https:\/\/melchersvietnam.com\/#website","url":"https:\/\/melchersvietnam.com\/","name":"Melchers Vi\u1ec7t Nam","description":"","publisher":{"@id":"https:\/\/melchersvietnam.com\/#organization"},"alternateName":"Melchers Vietnam","potentialAction":[{"@type":"SearchAction","target":{"@type":"EntryPoint","urlTemplate":"https:\/\/melchersvietnam.com\/?s={search_term_string}"},"query-input":{"@type":"PropertyValueSpecification","valueRequired":true,"valueName":"search_term_string"}}],"inLanguage":"vi"},{"@type":"Organization","@id":"https:\/\/melchersvietnam.com\/#organization","name":"Melchers Thailand","url":"https:\/\/melchersvietnam.com\/","logo":{"@type":"ImageObject","inLanguage":"vi","@id":"https:\/\/melchersvietnam.com\/#\/schema\/logo\/image\/","url":"https:\/\/melchersvietnam.com\/wp-content\/uploads\/2024\/07\/Melchers_Logo_2021_RGB_RZ.png","contentUrl":"https:\/\/melchersvietnam.com\/wp-content\/uploads\/2024\/07\/Melchers_Logo_2021_RGB_RZ.png","width":1000,"height":410,"caption":"Melchers Thailand"},"image":{"@id":"https:\/\/melchersvietnam.com\/#\/schema\/logo\/image\/"}}]}},"_links":{"self":[{"href":"https:\/\/melchersvietnam.com\/vn\/wp-json\/wp\/v2\/pages\/5880","targetHints":{"allow":["GET"]}}],"collection":[{"href":"https:\/\/melchersvietnam.com\/vn\/wp-json\/wp\/v2\/pages"}],"about":[{"href":"https:\/\/melchersvietnam.com\/vn\/wp-json\/wp\/v2\/types\/page"}],"author":[{"embeddable":true,"href":"https:\/\/melchersvietnam.com\/vn\/wp-json\/wp\/v2\/users\/6"}],"replies":[{"embeddable":true,"href":"https:\/\/melchersvietnam.com\/vn\/wp-json\/wp\/v2\/comments?post=5880"}],"version-history":[{"count":34,"href":"https:\/\/melchersvietnam.com\/vn\/wp-json\/wp\/v2\/pages\/5880\/revisions"}],"predecessor-version":[{"id":6939,"href":"https:\/\/melchersvietnam.com\/vn\/wp-json\/wp\/v2\/pages\/5880\/revisions\/6939"}],"up":[{"embeddable":true,"href":"https:\/\/melchersvietnam.com\/vn\/wp-json\/wp\/v2\/pages\/1380"}],"wp:attachment":[{"href":"https:\/\/melchersvietnam.com\/vn\/wp-json\/wp\/v2\/media?parent=5880"}],"curies":[{"name":"wp","href":"https:\/\/api.w.org\/{rel}","templated":true}]}}