{"id":5888,"date":"2025-08-27T06:44:29","date_gmt":"2025-08-27T06:44:29","guid":{"rendered":"https:\/\/dev.melchersvietnam.com\/?page_id=5888"},"modified":"2026-03-13T09:17:48","modified_gmt":"2026-03-13T09:17:48","slug":"coffee-processing","status":"publish","type":"page","link":"https:\/\/melchersvietnam.com\/vn\/products-solutions\/coffee-processing\/","title":{"rendered":"Ch\u1ebf bi\u1ebfn Coffee"},"content":{"rendered":"<div data-elementor-type=\"wp-page\" data-elementor-id=\"5888\" class=\"elementor elementor-5888\" data-elementor-post-type=\"page\">\n\t\t\t\t<div class=\"elementor-element elementor-element-46750285 e-con-full e-flex e-con e-parent\" data-id=\"46750285\" data-element_type=\"container\" data-e-type=\"container\" data-settings=\"{&quot;background_background&quot;:&quot;video&quot;,&quot;background_video_link&quot;:&quot;https:\\\/\\\/melchersvietnam.com\\\/wp-content\\\/uploads\\\/2026\\\/03\\\/PROBAT-is-a-global-leader-in-coffee-roasting-technology.-2.mp4&quot;,&quot;background_play_on_mobile&quot;:&quot;yes&quot;}\">\n\t\t<div class=\"elementor-background-video-container\">\n\t\t\t\t\t\t\t<video class=\"elementor-background-video-hosted\" role=\"presentation\" autoplay muted playsinline loop><\/video>\n\t\t\t\t\t<\/div><div class=\"elementor-element elementor-element-6b11423a e-con-full e-flex e-con e-child\" data-id=\"6b11423a\" data-element_type=\"container\" data-e-type=\"container\" data-settings=\"{&quot;background_background&quot;:&quot;classic&quot;}\">\n\t\t\t\t<div class=\"elementor-element elementor-element-3d4a8ab2 elementor-widget elementor-widget-heading\" data-id=\"3d4a8ab2\" data-element_type=\"widget\" data-e-type=\"widget\" data-widget_type=\"heading.default\">\n\t\t\t\t<div class=\"elementor-widget-container\">\n\t\t\t\t\t<h1 class=\"elementor-heading-title elementor-size-default\">Ch\u1ebf bi\u1ebfn Coffee<\/h1>\t\t\t\t<\/div>\n\t\t\t\t<\/div>\n\t\t\t\t<\/div>\n\t\t\t\t<\/div>\n\t\t<div class=\"elementor-element elementor-element-1040a811 e-con-full e-flex e-con e-parent\" data-id=\"1040a811\" data-element_type=\"container\" data-e-type=\"container\" data-settings=\"{&quot;background_background&quot;:&quot;classic&quot;}\">\n\t\t\t\t<div class=\"elementor-element elementor-element-68c3ea48 elementor-widget elementor-widget-text-editor\" data-id=\"68c3ea48\" data-element_type=\"widget\" data-e-type=\"widget\" data-widget_type=\"text-editor.default\">\n\t\t\t\t<div class=\"elementor-widget-container\">\n\t\t\t\t\t\t\t\t\t<p>Vi\u1ec7t Nam l\u00e0 qu\u1ed1c gia xu\u1ea5t kh\u1ea9u c\u00e0 ph\u00ea h\u00e0ng \u0111\u1ea7u th\u1ebf gi\u1edbi v\u00e0 l\u00e0 n\u01a1i \u0111\u1eb7t tr\u1ee5 s\u1edf c\u1ee7a Melchers Vi\u1ec7t Nam, t\u1ef1 h\u00e0o \u0111\u1ea1i di\u1ec7n cho c\u00e1c nh\u00e0 s\u1ea3n xu\u1ea5t thi\u1ebft b\u1ecb rang xay c\u00e0 ph\u00ea v\u00e0 m\u00e1y pha c\u00e0 ph\u00ea h\u00f2a tan h\u00e0ng \u0111\u1ea7u th\u1ebf gi\u1edbi.<\/p><p>Melchers r\u1ea5t t\u1ef1 h\u00e0o khi \u0111\u01b0\u1ee3c \u0111\u1ea1i di\u1ec7n cho Probat v\u00e0 GEA Niro trong t\u1ea5t c\u1ea3 c\u00e1c nh\u00e0 m\u00e1y ch\u1ebf bi\u1ebfn c\u00e0 ph\u00ea, t\u1eeb c\u00e0 ph\u00ea h\u1ea1t xanh \u0111\u1ebfn c\u00e0 ph\u00ea b\u1ed9t h\u00f2a tan.<\/p>\t\t\t\t\t\t\t\t<\/div>\n\t\t\t\t<\/div>\n\t\t\t\t<\/div>\n\t\t<div class=\"elementor-element elementor-element-62281a8 e-con-full e-flex e-con e-child\" data-id=\"62281a8\" data-element_type=\"container\" data-e-type=\"container\" data-settings=\"{&quot;background_background&quot;:&quot;classic&quot;}\">\n\t\t<div class=\"elementor-element elementor-element-3889732 e-con-full e-flex e-con e-child\" data-id=\"3889732\" data-element_type=\"container\" data-e-type=\"container\">\n\t\t<div class=\"elementor-element elementor-element-57f0290 e-con-full e-flex e-con e-child\" data-id=\"57f0290\" data-element_type=\"container\" data-e-type=\"container\">\n\t\t\t\t<div class=\"elementor-element elementor-element-33d7b83 elementor-widget elementor-widget-image\" data-id=\"33d7b83\" data-element_type=\"widget\" data-e-type=\"widget\" data-widget_type=\"image.default\">\n\t\t\t\t<div class=\"elementor-widget-container\">\n\t\t\t\t\t\t\t\t\t\t\t\t\t\t\t<img fetchpriority=\"high\" decoding=\"async\" width=\"800\" height=\"743\" src=\"https:\/\/melchersvietnam.com\/wp-content\/uploads\/2026\/02\/Logo-4.png\" class=\"attachment-large size-large wp-image-6734\" alt=\"\" srcset=\"https:\/\/melchersvietnam.com\/wp-content\/uploads\/2026\/02\/Logo-4.png 879w, https:\/\/melchersvietnam.com\/wp-content\/uploads\/2026\/02\/Logo-4-300x278.png 300w, https:\/\/melchersvietnam.com\/wp-content\/uploads\/2026\/02\/Logo-4-768x713.png 768w, https:\/\/melchersvietnam.com\/wp-content\/uploads\/2026\/02\/Logo-4-13x12.png 13w\" sizes=\"(max-width: 800px) 100vw, 800px\" \/>\t\t\t\t\t\t\t\t\t\t\t\t\t\t\t<\/div>\n\t\t\t\t<\/div>\n\t\t\t\t<div class=\"elementor-element elementor-element-ede071e elementor-widget elementor-widget-text-editor\" data-id=\"ede071e\" data-element_type=\"widget\" data-e-type=\"widget\" data-widget_type=\"text-editor.default\">\n\t\t\t\t<div class=\"elementor-widget-container\">\n\t\t\t\t\t\t\t\t\t<p>H\u1ee3p t\u00e1c v\u1edbi m\u1ed9t chuy\u00ean gia to\u00e0n c\u1ea7u v\u1ec1 h\u1ec7 th\u1ed1ng th\u00e1o l\u1eafp chai, chi\u1ebft r\u00f3t, \u0111\u00f3ng n\u1eafp v\u00e0 d\u00e1n nh\u00e3n, Melchers Vietnam cung c\u1ea5p c\u00e1c gi\u1ea3i ph\u00e1p t\u00edch h\u1ee3p ho\u00e0n to\u00e0n cho d\u00e2y chuy\u1ec1n \u0111\u00f3ng g\u00f3i d\u01b0\u1ee3c ph\u1ea9m d\u1ea1ng l\u1ecfng t\u1ed1c \u0111\u1ed9 cao.<\/p>\t\t\t\t\t\t\t\t<\/div>\n\t\t\t\t<\/div>\n\t\t\t\t<div class=\"elementor-element elementor-element-cc17b02 elementor-align-left elementor-widget__width-initial elementor-widget elementor-widget-button\" data-id=\"cc17b02\" data-element_type=\"widget\" data-e-type=\"widget\" data-widget_type=\"button.default\">\n\t\t\t\t<div class=\"elementor-widget-container\">\n\t\t\t\t\t\t\t\t\t<div class=\"elementor-button-wrapper\">\n\t\t\t\t\t<a class=\"elementor-button elementor-button-link elementor-size-sm\" href=\"https:\/\/www.probat.com\/\" target=\"_blank\">\n\t\t\t\t\t\t<span class=\"elementor-button-content-wrapper\">\n\t\t\t\t\t\t\t\t\t<span class=\"elementor-button-text\">Xem th\u00eam t\u1ea1i Website<\/span>\n\t\t\t\t\t<\/span>\n\t\t\t\t\t<\/a>\n\t\t\t\t<\/div>\n\t\t\t\t\t\t\t\t<\/div>\n\t\t\t\t<\/div>\n\t\t\t\t<div class=\"elementor-element elementor-element-3770613 elementor-align-left elementor-widget elementor-widget-button\" data-id=\"3770613\" data-element_type=\"widget\" data-e-type=\"widget\" data-widget_type=\"button.default\">\n\t\t\t\t<div class=\"elementor-widget-container\">\n\t\t\t\t\t\t\t\t\t<div class=\"elementor-button-wrapper\">\n\t\t\t\t\t<a class=\"elementor-button elementor-button-link elementor-size-sm\" href=\"mailto:nghia.th@melchersvietnam.com\" target=\"_blank\">\n\t\t\t\t\t\t<span class=\"elementor-button-content-wrapper\">\n\t\t\t\t\t\t\t\t\t<span class=\"elementor-button-text\">Li\u00ean h\u1ec7 ch\u00fang t\u00f4i<\/span>\n\t\t\t\t\t<\/span>\n\t\t\t\t\t<\/a>\n\t\t\t\t<\/div>\n\t\t\t\t\t\t\t\t<\/div>\n\t\t\t\t<\/div>\n\t\t\t\t<\/div>\n\t\t<div class=\"elementor-element elementor-element-b0d0307 e-con-full e-flex e-con e-child\" data-id=\"b0d0307\" data-element_type=\"container\" data-e-type=\"container\">\n\t\t\t\t<div class=\"elementor-element elementor-element-356e5f4 elementor-widget elementor-widget-image\" data-id=\"356e5f4\" data-element_type=\"widget\" data-e-type=\"widget\" data-widget_type=\"image.default\">\n\t\t\t\t<div class=\"elementor-widget-container\">\n\t\t\t\t\t\t\t\t\t\t\t\t\t\t\t<img decoding=\"async\" width=\"800\" height=\"534\" src=\"https:\/\/melchersvietnam.com\/wp-content\/uploads\/2026\/02\/dark-aromatic-chocolate-coffee-beans-freshly-baked-hot-cool-dawn-inside-best-professional-roasting-machine-1024x683.jpg\" class=\"attachment-large size-large wp-image-6735\" alt=\"\" srcset=\"https:\/\/melchersvietnam.com\/wp-content\/uploads\/2026\/02\/dark-aromatic-chocolate-coffee-beans-freshly-baked-hot-cool-dawn-inside-best-professional-roasting-machine-1024x683.jpg 1024w, https:\/\/melchersvietnam.com\/wp-content\/uploads\/2026\/02\/dark-aromatic-chocolate-coffee-beans-freshly-baked-hot-cool-dawn-inside-best-professional-roasting-machine-300x200.jpg 300w, https:\/\/melchersvietnam.com\/wp-content\/uploads\/2026\/02\/dark-aromatic-chocolate-coffee-beans-freshly-baked-hot-cool-dawn-inside-best-professional-roasting-machine-768x512.jpg 768w, https:\/\/melchersvietnam.com\/wp-content\/uploads\/2026\/02\/dark-aromatic-chocolate-coffee-beans-freshly-baked-hot-cool-dawn-inside-best-professional-roasting-machine-1536x1024.jpg 1536w, https:\/\/melchersvietnam.com\/wp-content\/uploads\/2026\/02\/dark-aromatic-chocolate-coffee-beans-freshly-baked-hot-cool-dawn-inside-best-professional-roasting-machine-2048x1366.jpg 2048w, https:\/\/melchersvietnam.com\/wp-content\/uploads\/2026\/02\/dark-aromatic-chocolate-coffee-beans-freshly-baked-hot-cool-dawn-inside-best-professional-roasting-machine-18x12.jpg 18w\" sizes=\"(max-width: 800px) 100vw, 800px\" \/>\t\t\t\t\t\t\t\t\t\t\t\t\t\t\t<\/div>\n\t\t\t\t<\/div>\n\t\t\t\t<\/div>\n\t\t\t\t<\/div>\n\t\t\t\t<\/div>\n\t\t<div class=\"elementor-element elementor-element-220c348 e-con-full e-flex e-con e-child\" data-id=\"220c348\" data-element_type=\"container\" data-e-type=\"container\" data-settings=\"{&quot;background_background&quot;:&quot;classic&quot;}\">\n\t\t<div class=\"elementor-element elementor-element-b1ab285 e-con-full e-flex e-con e-child\" data-id=\"b1ab285\" data-element_type=\"container\" data-e-type=\"container\">\n\t\t<div class=\"elementor-element elementor-element-39ed0af e-con-full e-flex e-con e-child\" data-id=\"39ed0af\" data-element_type=\"container\" data-e-type=\"container\">\n\t\t\t\t<div class=\"elementor-element elementor-element-0b316b0 elementor-widget elementor-widget-image\" data-id=\"0b316b0\" data-element_type=\"widget\" data-e-type=\"widget\" data-widget_type=\"image.default\">\n\t\t\t\t<div class=\"elementor-widget-container\">\n\t\t\t\t\t\t\t\t\t\t\t\t\t\t\t<img decoding=\"async\" width=\"398\" height=\"127\" src=\"https:\/\/melchersvietnam.com\/wp-content\/uploads\/2026\/02\/Logo-5.png\" class=\"attachment-large size-large wp-image-6738\" alt=\"\" srcset=\"https:\/\/melchersvietnam.com\/wp-content\/uploads\/2026\/02\/Logo-5.png 398w, https:\/\/melchersvietnam.com\/wp-content\/uploads\/2026\/02\/Logo-5-300x96.png 300w, https:\/\/melchersvietnam.com\/wp-content\/uploads\/2026\/02\/Logo-5-18x6.png 18w\" sizes=\"(max-width: 398px) 100vw, 398px\" \/>\t\t\t\t\t\t\t\t\t\t\t\t\t\t\t<\/div>\n\t\t\t\t<\/div>\n\t\t\t\t<div class=\"elementor-element elementor-element-734026c elementor-widget elementor-widget-text-editor\" data-id=\"734026c\" data-element_type=\"widget\" data-e-type=\"widget\" data-widget_type=\"text-editor.default\">\n\t\t\t\t<div class=\"elementor-widget-container\">\n\t\t\t\t\t\t\t\t\t<p>GEA l\u00e0 nh\u00e0 cung c\u1ea5p to\u00e0n c\u1ea7u h\u00e0ng \u0111\u1ea7u v\u1ec1 C\u00f4ng ngh\u1ec7 ti\u00ean ti\u1ebfn trong ch\u1ebf bi\u1ebfn c\u00e0 ph\u00ea h\u00f2a tan, bao g\u1ed3m c\u00e1c h\u1ec7 th\u1ed1ng chi\u1ebft xu\u1ea5t, c\u00f4 \u0111\u1eb7c v\u00e0 b\u1ea3o to\u00e0n h\u01b0\u01a1ng v\u1ecb, s\u1ea5y phun v\u00e0 t\u1ea1o h\u1ea1t, \u0111\u1eb7c bi\u1ec7t l\u00e0 quy tr\u00ecnh s\u1ea5y th\u0103ng hoa t\u1eeb ti\u1ec1n \u0111\u00f4ng l\u1ea1nh, \u0111\u00f4ng l\u1ea1nh, t\u1ea1o h\u1ea1t v\u00e0 s\u1ea5y th\u0103ng hoa \u2013 RAY (theo m\u1ebb) ho\u1eb7c CONRAD (li\u00ean t\u1ee5c).<\/p>\t\t\t\t\t\t\t\t<\/div>\n\t\t\t\t<\/div>\n\t\t\t\t<div class=\"elementor-element elementor-element-b2a0cdb elementor-align-left elementor-widget__width-initial elementor-widget elementor-widget-button\" data-id=\"b2a0cdb\" data-element_type=\"widget\" data-e-type=\"widget\" data-widget_type=\"button.default\">\n\t\t\t\t<div class=\"elementor-widget-container\">\n\t\t\t\t\t\t\t\t\t<div class=\"elementor-button-wrapper\">\n\t\t\t\t\t<a class=\"elementor-button elementor-button-link elementor-size-sm\" href=\"https:\/\/www.gea.com\/en\/\" target=\"_blank\">\n\t\t\t\t\t\t<span class=\"elementor-button-content-wrapper\">\n\t\t\t\t\t\t\t\t\t<span class=\"elementor-button-text\">Xem th\u00eam t\u1ea1i Website<\/span>\n\t\t\t\t\t<\/span>\n\t\t\t\t\t<\/a>\n\t\t\t\t<\/div>\n\t\t\t\t\t\t\t\t<\/div>\n\t\t\t\t<\/div>\n\t\t\t\t<div class=\"elementor-element elementor-element-d2b4952 elementor-align-left elementor-widget elementor-widget-button\" data-id=\"d2b4952\" data-element_type=\"widget\" data-e-type=\"widget\" data-widget_type=\"button.default\">\n\t\t\t\t<div class=\"elementor-widget-container\">\n\t\t\t\t\t\t\t\t\t<div class=\"elementor-button-wrapper\">\n\t\t\t\t\t<a class=\"elementor-button elementor-button-link elementor-size-sm\" href=\"mailto:nghia.th@melchersvietnam.com\" target=\"_blank\">\n\t\t\t\t\t\t<span class=\"elementor-button-content-wrapper\">\n\t\t\t\t\t\t\t\t\t<span class=\"elementor-button-text\">Li\u00ean h\u1ec7 ch\u00fang t\u00f4i<\/span>\n\t\t\t\t\t<\/span>\n\t\t\t\t\t<\/a>\n\t\t\t\t<\/div>\n\t\t\t\t\t\t\t\t<\/div>\n\t\t\t\t<\/div>\n\t\t\t\t<\/div>\n\t\t<div class=\"elementor-element elementor-element-e690d97 e-con-full e-flex e-con e-child\" data-id=\"e690d97\" data-element_type=\"container\" data-e-type=\"container\">\n\t\t\t\t<div class=\"elementor-element elementor-element-d2fee97 elementor-widget elementor-widget-image\" data-id=\"d2fee97\" data-element_type=\"widget\" data-e-type=\"widget\" data-widget_type=\"image.default\">\n\t\t\t\t<div class=\"elementor-widget-container\">\n\t\t\t\t\t\t\t\t\t\t\t\t\t\t\t<img loading=\"lazy\" decoding=\"async\" width=\"800\" height=\"450\" src=\"https:\/\/melchersvietnam.com\/wp-content\/uploads\/2026\/02\/aroma-recovery-system-1024x576.jpg\" class=\"attachment-large size-large wp-image-6739\" alt=\"\" srcset=\"https:\/\/melchersvietnam.com\/wp-content\/uploads\/2026\/02\/aroma-recovery-system-1024x576.jpg 1024w, https:\/\/melchersvietnam.com\/wp-content\/uploads\/2026\/02\/aroma-recovery-system-300x169.jpg 300w, https:\/\/melchersvietnam.com\/wp-content\/uploads\/2026\/02\/aroma-recovery-system-768x432.jpg 768w, https:\/\/melchersvietnam.com\/wp-content\/uploads\/2026\/02\/aroma-recovery-system-1536x864.jpg 1536w, https:\/\/melchersvietnam.com\/wp-content\/uploads\/2026\/02\/aroma-recovery-system-2048x1152.jpg 2048w, https:\/\/melchersvietnam.com\/wp-content\/uploads\/2026\/02\/aroma-recovery-system-18x10.jpg 18w\" sizes=\"(max-width: 800px) 100vw, 800px\" \/>\t\t\t\t\t\t\t\t\t\t\t\t\t\t\t<\/div>\n\t\t\t\t<\/div>\n\t\t\t\t<\/div>\n\t\t\t\t<\/div>\n\t\t\t\t<\/div>\n\t\t\t\t<\/div>","protected":false},"excerpt":{"rendered":"<p>Coffee Processing Vietnam is the globally leading coffee exporter and is home to Melchers Vietnam, proudly representing top global manufacturers of coffee roasting equipment and instant coffee plants. Melchers is very proud to represent Probat and GEA Niro in all coffee processing plants from green bean to instant powders. In collaboration with a global specialist [&hellip;]<\/p>\n","protected":false},"author":6,"featured_media":0,"parent":1380,"menu_order":0,"comment_status":"closed","ping_status":"closed","template":"","meta":{"_acf_changed":false,"footnotes":""},"class_list":["post-5888","page","type-page","status-publish","hentry"],"acf":[],"yoast_head":"<!-- This site is optimized with the Yoast SEO plugin v27.4 - https:\/\/yoast.com\/product\/yoast-seo-wordpress\/ -->\n<title>Coffee Processing | Melchers Vietnam<\/title>\n<meta name=\"description\" content=\"Probat | GEA Niro | Roasting Plants | World-class Coffee Roasting and Drying Systems \u25b7 Optimise your coffee production with Melchers Vietnam\" \/>\n<meta name=\"robots\" content=\"index, follow, max-snippet:-1, max-image-preview:large, max-video-preview:-1\" \/>\n<link rel=\"canonical\" href=\"https:\/\/melchersvietnam.com\/vn\/products-solutions\/coffee-processing\/\" \/>\n<meta property=\"og:locale\" content=\"vi_VN\" \/>\n<meta property=\"og:type\" content=\"article\" \/>\n<meta property=\"og:title\" content=\"Coffee Processing | Melchers Vietnam\" \/>\n<meta property=\"og:description\" content=\"Probat | GEA Niro | Roasting Plants | World-class Coffee Roasting and Drying Systems \u25b7 Optimise your coffee production with Melchers Vietnam\" \/>\n<meta property=\"og:url\" content=\"https:\/\/melchersvietnam.com\/vn\/products-solutions\/coffee-processing\/\" \/>\n<meta property=\"og:site_name\" content=\"Melchers Vietnam\" \/>\n<meta property=\"article:modified_time\" content=\"2026-03-13T09:17:48+00:00\" \/>\n<meta property=\"og:image\" content=\"https:\/\/melchersvietnam.com\/wp-content\/uploads\/2026\/02\/Logo-4.png\" \/>\n\t<meta property=\"og:image:width\" content=\"879\" \/>\n\t<meta property=\"og:image:height\" content=\"816\" \/>\n\t<meta property=\"og:image:type\" content=\"image\/png\" \/>\n<meta name=\"twitter:card\" content=\"summary_large_image\" \/>\n<meta name=\"twitter:label1\" content=\"\u01af\u1edbc t\u00ednh th\u1eddi gian \u0111\u1ecdc\" \/>\n\t<meta name=\"twitter:data1\" content=\"2 ph\u00fat\" \/>\n<script type=\"application\/ld+json\" class=\"yoast-schema-graph\">{\"@context\":\"https:\\\/\\\/schema.org\",\"@graph\":[{\"@type\":\"WebPage\",\"@id\":\"https:\\\/\\\/melchersvietnam.com\\\/products-solutions\\\/coffee-processing\\\/\",\"url\":\"https:\\\/\\\/melchersvietnam.com\\\/products-solutions\\\/coffee-processing\\\/\",\"name\":\"Coffee Processing | Melchers Vietnam\",\"isPartOf\":{\"@id\":\"https:\\\/\\\/melchersvietnam.com\\\/#website\"},\"primaryImageOfPage\":{\"@id\":\"https:\\\/\\\/melchersvietnam.com\\\/products-solutions\\\/coffee-processing\\\/#primaryimage\"},\"image\":{\"@id\":\"https:\\\/\\\/melchersvietnam.com\\\/products-solutions\\\/coffee-processing\\\/#primaryimage\"},\"thumbnailUrl\":\"https:\\\/\\\/melchersvietnam.com\\\/wp-content\\\/uploads\\\/2026\\\/02\\\/Logo-4.png\",\"datePublished\":\"2025-08-27T06:44:29+00:00\",\"dateModified\":\"2026-03-13T09:17:48+00:00\",\"description\":\"Probat | GEA Niro | Roasting Plants | World-class Coffee Roasting and Drying Systems \u25b7 Optimise your coffee production with Melchers Vietnam\",\"breadcrumb\":{\"@id\":\"https:\\\/\\\/melchersvietnam.com\\\/products-solutions\\\/coffee-processing\\\/#breadcrumb\"},\"inLanguage\":\"vi\",\"potentialAction\":[{\"@type\":\"ReadAction\",\"target\":[\"https:\\\/\\\/melchersvietnam.com\\\/products-solutions\\\/coffee-processing\\\/\"]}]},{\"@type\":\"ImageObject\",\"inLanguage\":\"vi\",\"@id\":\"https:\\\/\\\/melchersvietnam.com\\\/products-solutions\\\/coffee-processing\\\/#primaryimage\",\"url\":\"https:\\\/\\\/melchersvietnam.com\\\/wp-content\\\/uploads\\\/2026\\\/02\\\/Logo-4.png\",\"contentUrl\":\"https:\\\/\\\/melchersvietnam.com\\\/wp-content\\\/uploads\\\/2026\\\/02\\\/Logo-4.png\"},{\"@type\":\"BreadcrumbList\",\"@id\":\"https:\\\/\\\/melchersvietnam.com\\\/products-solutions\\\/coffee-processing\\\/#breadcrumb\",\"itemListElement\":[{\"@type\":\"ListItem\",\"position\":1,\"name\":\"Home\",\"item\":\"https:\\\/\\\/melchersvietnam.com\\\/\"},{\"@type\":\"ListItem\",\"position\":2,\"name\":\"Products &amp; Solutions\",\"item\":\"https:\\\/\\\/melchersvietnam.com\\\/products-solutions\\\/\"},{\"@type\":\"ListItem\",\"position\":3,\"name\":\"Coffee Processing\"}]},{\"@type\":\"WebSite\",\"@id\":\"https:\\\/\\\/melchersvietnam.com\\\/#website\",\"url\":\"https:\\\/\\\/melchersvietnam.com\\\/\",\"name\":\"Melchers Vietnam\",\"description\":\"\",\"publisher\":{\"@id\":\"https:\\\/\\\/melchersvietnam.com\\\/#organization\"},\"alternateName\":\"Melchers Vietnam\",\"potentialAction\":[{\"@type\":\"SearchAction\",\"target\":{\"@type\":\"EntryPoint\",\"urlTemplate\":\"https:\\\/\\\/melchersvietnam.com\\\/?s={search_term_string}\"},\"query-input\":{\"@type\":\"PropertyValueSpecification\",\"valueRequired\":true,\"valueName\":\"search_term_string\"}}],\"inLanguage\":\"vi\"},{\"@type\":\"Organization\",\"@id\":\"https:\\\/\\\/melchersvietnam.com\\\/#organization\",\"name\":\"Melchers Thailand\",\"url\":\"https:\\\/\\\/melchersvietnam.com\\\/\",\"logo\":{\"@type\":\"ImageObject\",\"inLanguage\":\"vi\",\"@id\":\"https:\\\/\\\/melchersvietnam.com\\\/#\\\/schema\\\/logo\\\/image\\\/\",\"url\":\"https:\\\/\\\/melchersvietnam.com\\\/wp-content\\\/uploads\\\/2024\\\/07\\\/Melchers_Logo_2021_RGB_RZ.png\",\"contentUrl\":\"https:\\\/\\\/melchersvietnam.com\\\/wp-content\\\/uploads\\\/2024\\\/07\\\/Melchers_Logo_2021_RGB_RZ.png\",\"width\":1000,\"height\":410,\"caption\":\"Melchers Thailand\"},\"image\":{\"@id\":\"https:\\\/\\\/melchersvietnam.com\\\/#\\\/schema\\\/logo\\\/image\\\/\"}}]}<\/script>\n<!-- \/ Yoast SEO plugin. -->","yoast_head_json":{"title":"Coffee Processing | Melchers Vietnam","description":"Probat | GEA Niro | Roasting Plants | World-class Coffee Roasting and Drying Systems \u25b7 Optimise your coffee production with Melchers Vietnam","robots":{"index":"index","follow":"follow","max-snippet":"max-snippet:-1","max-image-preview":"max-image-preview:large","max-video-preview":"max-video-preview:-1"},"canonical":"https:\/\/melchersvietnam.com\/vn\/products-solutions\/coffee-processing\/","og_locale":"vi_VN","og_type":"article","og_title":"Coffee Processing | Melchers Vietnam","og_description":"Probat | GEA Niro | Roasting Plants | World-class Coffee Roasting and Drying Systems \u25b7 Optimise your coffee production with Melchers Vietnam","og_url":"https:\/\/melchersvietnam.com\/vn\/products-solutions\/coffee-processing\/","og_site_name":"Melchers Vietnam","article_modified_time":"2026-03-13T09:17:48+00:00","og_image":[{"width":879,"height":816,"url":"https:\/\/melchersvietnam.com\/wp-content\/uploads\/2026\/02\/Logo-4.png","type":"image\/png"}],"twitter_card":"summary_large_image","twitter_misc":{"\u01af\u1edbc t\u00ednh th\u1eddi gian \u0111\u1ecdc":"2 ph\u00fat"},"schema":{"@context":"https:\/\/schema.org","@graph":[{"@type":"WebPage","@id":"https:\/\/melchersvietnam.com\/products-solutions\/coffee-processing\/","url":"https:\/\/melchersvietnam.com\/products-solutions\/coffee-processing\/","name":"Coffee Processing | Melchers Vietnam","isPartOf":{"@id":"https:\/\/melchersvietnam.com\/#website"},"primaryImageOfPage":{"@id":"https:\/\/melchersvietnam.com\/products-solutions\/coffee-processing\/#primaryimage"},"image":{"@id":"https:\/\/melchersvietnam.com\/products-solutions\/coffee-processing\/#primaryimage"},"thumbnailUrl":"https:\/\/melchersvietnam.com\/wp-content\/uploads\/2026\/02\/Logo-4.png","datePublished":"2025-08-27T06:44:29+00:00","dateModified":"2026-03-13T09:17:48+00:00","description":"Probat | GEA Niro | Roasting Plants | World-class Coffee Roasting and Drying Systems \u25b7 Optimise your coffee production with Melchers Vietnam","breadcrumb":{"@id":"https:\/\/melchersvietnam.com\/products-solutions\/coffee-processing\/#breadcrumb"},"inLanguage":"vi","potentialAction":[{"@type":"ReadAction","target":["https:\/\/melchersvietnam.com\/products-solutions\/coffee-processing\/"]}]},{"@type":"ImageObject","inLanguage":"vi","@id":"https:\/\/melchersvietnam.com\/products-solutions\/coffee-processing\/#primaryimage","url":"https:\/\/melchersvietnam.com\/wp-content\/uploads\/2026\/02\/Logo-4.png","contentUrl":"https:\/\/melchersvietnam.com\/wp-content\/uploads\/2026\/02\/Logo-4.png"},{"@type":"BreadcrumbList","@id":"https:\/\/melchersvietnam.com\/products-solutions\/coffee-processing\/#breadcrumb","itemListElement":[{"@type":"ListItem","position":1,"name":"Home","item":"https:\/\/melchersvietnam.com\/"},{"@type":"ListItem","position":2,"name":"Products &amp; Solutions","item":"https:\/\/melchersvietnam.com\/products-solutions\/"},{"@type":"ListItem","position":3,"name":"Coffee Processing"}]},{"@type":"WebSite","@id":"https:\/\/melchersvietnam.com\/#website","url":"https:\/\/melchersvietnam.com\/","name":"Melchers Vi\u1ec7t Nam","description":"","publisher":{"@id":"https:\/\/melchersvietnam.com\/#organization"},"alternateName":"Melchers Vietnam","potentialAction":[{"@type":"SearchAction","target":{"@type":"EntryPoint","urlTemplate":"https:\/\/melchersvietnam.com\/?s={search_term_string}"},"query-input":{"@type":"PropertyValueSpecification","valueRequired":true,"valueName":"search_term_string"}}],"inLanguage":"vi"},{"@type":"Organization","@id":"https:\/\/melchersvietnam.com\/#organization","name":"Melchers Thailand","url":"https:\/\/melchersvietnam.com\/","logo":{"@type":"ImageObject","inLanguage":"vi","@id":"https:\/\/melchersvietnam.com\/#\/schema\/logo\/image\/","url":"https:\/\/melchersvietnam.com\/wp-content\/uploads\/2024\/07\/Melchers_Logo_2021_RGB_RZ.png","contentUrl":"https:\/\/melchersvietnam.com\/wp-content\/uploads\/2024\/07\/Melchers_Logo_2021_RGB_RZ.png","width":1000,"height":410,"caption":"Melchers Thailand"},"image":{"@id":"https:\/\/melchersvietnam.com\/#\/schema\/logo\/image\/"}}]}},"_links":{"self":[{"href":"https:\/\/melchersvietnam.com\/vn\/wp-json\/wp\/v2\/pages\/5888","targetHints":{"allow":["GET"]}}],"collection":[{"href":"https:\/\/melchersvietnam.com\/vn\/wp-json\/wp\/v2\/pages"}],"about":[{"href":"https:\/\/melchersvietnam.com\/vn\/wp-json\/wp\/v2\/types\/page"}],"author":[{"embeddable":true,"href":"https:\/\/melchersvietnam.com\/vn\/wp-json\/wp\/v2\/users\/6"}],"replies":[{"embeddable":true,"href":"https:\/\/melchersvietnam.com\/vn\/wp-json\/wp\/v2\/comments?post=5888"}],"version-history":[{"count":28,"href":"https:\/\/melchersvietnam.com\/vn\/wp-json\/wp\/v2\/pages\/5888\/revisions"}],"predecessor-version":[{"id":6961,"href":"https:\/\/melchersvietnam.com\/vn\/wp-json\/wp\/v2\/pages\/5888\/revisions\/6961"}],"up":[{"embeddable":true,"href":"https:\/\/melchersvietnam.com\/vn\/wp-json\/wp\/v2\/pages\/1380"}],"wp:attachment":[{"href":"https:\/\/melchersvietnam.com\/vn\/wp-json\/wp\/v2\/media?parent=5888"}],"curies":[{"name":"wp","href":"https:\/\/api.w.org\/{rel}","templated":true}]}}