{"id":5897,"date":"2025-08-27T06:49:21","date_gmt":"2025-08-27T06:49:21","guid":{"rendered":"https:\/\/dev.melchersvietnam.com\/?page_id=5897"},"modified":"2026-03-10T10:37:04","modified_gmt":"2026-03-10T10:37:04","slug":"footwear","status":"publish","type":"page","link":"https:\/\/melchersvietnam.com\/vn\/products-solutions\/footwear\/","title":{"rendered":"S\u1ea3n xu\u1ea5t gi\u00e0y d\u00e9p"},"content":{"rendered":"<div data-elementor-type=\"wp-page\" data-elementor-id=\"5897\" class=\"elementor elementor-5897\" data-elementor-post-type=\"page\">\n\t\t\t\t<div class=\"elementor-element elementor-element-46750285 e-con-full e-flex e-con e-parent\" data-id=\"46750285\" data-element_type=\"container\" data-e-type=\"container\" data-settings=\"{&quot;background_background&quot;:&quot;video&quot;,&quot;background_video_link&quot;:&quot;https:\\\/\\\/melchersvietnam.com\\\/wp-content\\\/uploads\\\/2026\\\/03\\\/Untitled-design.mp4&quot;,&quot;background_play_on_mobile&quot;:&quot;yes&quot;}\">\n\t\t<div class=\"elementor-background-video-container\">\n\t\t\t\t\t\t\t<video class=\"elementor-background-video-hosted\" role=\"presentation\" autoplay muted playsinline loop><\/video>\n\t\t\t\t\t<\/div><div class=\"elementor-element elementor-element-6b11423a e-con-full e-flex e-con e-child\" data-id=\"6b11423a\" data-element_type=\"container\" data-e-type=\"container\" data-settings=\"{&quot;background_background&quot;:&quot;classic&quot;}\">\n\t\t\t\t<div class=\"elementor-element elementor-element-3d4a8ab2 elementor-widget elementor-widget-heading\" data-id=\"3d4a8ab2\" data-element_type=\"widget\" data-e-type=\"widget\" data-widget_type=\"heading.default\">\n\t\t\t\t<div class=\"elementor-widget-container\">\n\t\t\t\t\t<h1 class=\"elementor-heading-title elementor-size-default\">S\u1ea3n xu\u1ea5t gi\u00e0y d\u00e9p<\/h1>\t\t\t\t<\/div>\n\t\t\t\t<\/div>\n\t\t\t\t<\/div>\n\t\t\t\t<\/div>\n\t\t<div class=\"elementor-element elementor-element-cc9740d e-con-full e-flex e-con e-parent\" data-id=\"cc9740d\" data-element_type=\"container\" data-e-type=\"container\" data-settings=\"{&quot;background_background&quot;:&quot;classic&quot;}\">\n\t\t\t\t<div class=\"elementor-element elementor-element-e034e95 elementor-widget elementor-widget-text-editor\" data-id=\"e034e95\" data-element_type=\"widget\" data-e-type=\"widget\" data-widget_type=\"text-editor.default\">\n\t\t\t\t<div class=\"elementor-widget-container\">\n\t\t\t\t\t\t\t\t\t<p>Ng\u00e0nh s\u1ea3n xu\u1ea5t gi\u00e0y d\u00e9p l\u00e0 m\u1ed9t l\u0129nh v\u1ef1c n\u0103ng \u0111\u1ed9ng, k\u1ebft h\u1ee3p gi\u1eefa thi\u1ebft k\u1ebf, v\u1eadt li\u1ec7u v\u00e0 c\u00f4ng ngh\u1ec7 \u0111\u1ec3 t\u1ea1o ra c\u00e1c s\u1ea3n ph\u1ea9m ph\u1ee5c v\u1ee5 th\u1eddi trang, th\u1ec3 thao v\u00e0 c\u00f4ng nghi\u1ec7p. T\u1ea1i Melchers Vietnam, ch\u00fang t\u00f4i cung c\u1ea5p m\u00e1y m\u00f3c, linh ki\u1ec7n v\u00e0 gi\u1ea3i ph\u00e1p ti\u00ean ti\u1ebfn h\u1ed7 tr\u1ee3 to\u00e0n b\u1ed9 quy tr\u00ecnh s\u1ea3n xu\u1ea5t gi\u00e0y \u2013 t\u1eeb c\u1eaft, may \u0111\u1ebfn \u00e9p khu\u00f4n v\u00e0 ho\u00e0n thi\u1ec7n. M\u1ee5c ti\u00eau c\u1ee7a ch\u00fang t\u00f4i l\u00e0 gi\u00fap c\u00e1c nh\u00e0 s\u1ea3n xu\u1ea5t n\u00e2ng cao hi\u1ec7u qu\u1ea3, ch\u1ea5t l\u01b0\u1ee3ng v\u00e0 kh\u1ea3 n\u0103ng \u0111\u1ed5i m\u1edbi trong ho\u1ea1t \u0111\u1ed9ng s\u1ea3n xu\u1ea5t.<\/p>\t\t\t\t\t\t\t\t<\/div>\n\t\t\t\t<\/div>\n\t\t\t\t<\/div>\n\t\t<div class=\"elementor-element elementor-element-b770cd8 e-con-full e-flex e-con e-child\" data-id=\"b770cd8\" data-element_type=\"container\" data-e-type=\"container\" data-settings=\"{&quot;background_background&quot;:&quot;classic&quot;}\">\n\t\t<div class=\"elementor-element elementor-element-0bea417 e-con-full e-flex e-con e-child\" data-id=\"0bea417\" data-element_type=\"container\" data-e-type=\"container\">\n\t\t<div class=\"elementor-element elementor-element-3a2a37c e-con-full e-flex e-con e-child\" data-id=\"3a2a37c\" data-element_type=\"container\" data-e-type=\"container\">\n\t\t\t\t<div class=\"elementor-element elementor-element-85fc563 elementor-widget elementor-widget-image\" data-id=\"85fc563\" data-element_type=\"widget\" data-e-type=\"widget\" data-widget_type=\"image.default\">\n\t\t\t\t<div class=\"elementor-widget-container\">\n\t\t\t\t\t\t\t\t\t\t\t\t\t\t\t<img fetchpriority=\"high\" decoding=\"async\" width=\"800\" height=\"347\" src=\"https:\/\/melchersvietnam.com\/wp-content\/uploads\/2026\/02\/desma_logo_slogan_2022_2500px_jpg-7eca82303a217348391c908198eeb755-0-1024x444.jpg\" class=\"attachment-large size-large wp-image-6746\" alt=\"\" srcset=\"https:\/\/melchersvietnam.com\/wp-content\/uploads\/2026\/02\/desma_logo_slogan_2022_2500px_jpg-7eca82303a217348391c908198eeb755-0-1024x444.jpg 1024w, https:\/\/melchersvietnam.com\/wp-content\/uploads\/2026\/02\/desma_logo_slogan_2022_2500px_jpg-7eca82303a217348391c908198eeb755-0-300x130.jpg 300w, https:\/\/melchersvietnam.com\/wp-content\/uploads\/2026\/02\/desma_logo_slogan_2022_2500px_jpg-7eca82303a217348391c908198eeb755-0-768x333.jpg 768w, https:\/\/melchersvietnam.com\/wp-content\/uploads\/2026\/02\/desma_logo_slogan_2022_2500px_jpg-7eca82303a217348391c908198eeb755-0-1536x667.jpg 1536w, https:\/\/melchersvietnam.com\/wp-content\/uploads\/2026\/02\/desma_logo_slogan_2022_2500px_jpg-7eca82303a217348391c908198eeb755-0-2048x889.jpg 2048w, https:\/\/melchersvietnam.com\/wp-content\/uploads\/2026\/02\/desma_logo_slogan_2022_2500px_jpg-7eca82303a217348391c908198eeb755-0-18x8.jpg 18w\" sizes=\"(max-width: 800px) 100vw, 800px\" \/>\t\t\t\t\t\t\t\t\t\t\t\t\t\t\t<\/div>\n\t\t\t\t<\/div>\n\t\t\t\t<div class=\"elementor-element elementor-element-676ff1b elementor-widget elementor-widget-text-editor\" data-id=\"676ff1b\" data-element_type=\"widget\" data-e-type=\"widget\" data-widget_type=\"text-editor.default\">\n\t\t\t\t<div class=\"elementor-widget-container\">\n\t\t\t\t\t\t\t\t\t<p>DESMA l\u00e0 m\u1ed9t nh\u00e0 s\u1ea3n xu\u1ea5t \u0111\u1ebfn t\u1eeb \u0110\u1ee9c \u0111\u01b0\u1ee3c c\u00f4ng nh\u1eadn tr\u00ean to\u00e0n c\u1ea7u, v\u1edbi h\u01a1n 75 n\u0103m l\u1ecbch s\u1eed, chuy\u00ean cung c\u1ea5p m\u00e1y m\u00f3c hi\u1ec7u su\u1ea5t cao v\u00e0 c\u00e1c gi\u1ea3i ph\u00e1p t\u1ef1 \u0111\u1ed9ng h\u00f3a cho ng\u00e0nh c\u00f4ng nghi\u1ec7p gi\u00e0y d\u00e9p. DESMA cung c\u1ea5p c\u00e1c h\u1ec7 th\u1ed1ng s\u1ea3n xu\u1ea5t to\u00e0n di\u1ec7n cho gi\u00e0y d\u00e9p s\u1eed d\u1ee5ng polyurethane (PU), nh\u1ef1a nhi\u1ec7t d\u1ebbo v\u00e0 cao su, bao g\u1ed3m c\u00e1c c\u00f4ng ngh\u1ec7 \u00e9p \u0111\u1ebf tr\u1ef1c ti\u1ebfp (direct soling), \u00e9p phun (injection molding) v\u00e0 vi \u00e9p phun (micro-injection).\u00a0<\/p>\t\t\t\t\t\t\t\t<\/div>\n\t\t\t\t<\/div>\n\t\t\t\t<div class=\"elementor-element elementor-element-62298ef elementor-align-left elementor-widget__width-initial elementor-widget elementor-widget-button\" data-id=\"62298ef\" data-element_type=\"widget\" data-e-type=\"widget\" data-widget_type=\"button.default\">\n\t\t\t\t<div class=\"elementor-widget-container\">\n\t\t\t\t\t\t\t\t\t<div class=\"elementor-button-wrapper\">\n\t\t\t\t\t<a class=\"elementor-button elementor-button-link elementor-size-sm\" href=\"https:\/\/www.desma.de\/en\/\" target=\"_blank\">\n\t\t\t\t\t\t<span class=\"elementor-button-content-wrapper\">\n\t\t\t\t\t\t\t\t\t<span class=\"elementor-button-text\">Xem th\u00eam t\u1ea1i Website<\/span>\n\t\t\t\t\t<\/span>\n\t\t\t\t\t<\/a>\n\t\t\t\t<\/div>\n\t\t\t\t\t\t\t\t<\/div>\n\t\t\t\t<\/div>\n\t\t\t\t<div class=\"elementor-element elementor-element-337bf86 elementor-align-left elementor-widget elementor-widget-button\" data-id=\"337bf86\" data-element_type=\"widget\" data-e-type=\"widget\" data-widget_type=\"button.default\">\n\t\t\t\t<div class=\"elementor-widget-container\">\n\t\t\t\t\t\t\t\t\t<div class=\"elementor-button-wrapper\">\n\t\t\t\t\t<a class=\"elementor-button elementor-button-link elementor-size-sm\" href=\"mailto:thai.vo@melchersvietnam.com\" target=\"_blank\">\n\t\t\t\t\t\t<span class=\"elementor-button-content-wrapper\">\n\t\t\t\t\t\t\t\t\t<span class=\"elementor-button-text\">Li\u00ean h\u1ec7 ch\u00fang t\u00f4i<\/span>\n\t\t\t\t\t<\/span>\n\t\t\t\t\t<\/a>\n\t\t\t\t<\/div>\n\t\t\t\t\t\t\t\t<\/div>\n\t\t\t\t<\/div>\n\t\t\t\t<\/div>\n\t\t<div class=\"elementor-element elementor-element-825be36 e-con-full e-flex e-con e-child\" data-id=\"825be36\" data-element_type=\"container\" data-e-type=\"container\">\n\t\t\t\t<div class=\"elementor-element elementor-element-70e21a4 elementor-widget elementor-widget-image\" data-id=\"70e21a4\" data-element_type=\"widget\" data-e-type=\"widget\" data-widget_type=\"image.default\">\n\t\t\t\t<div class=\"elementor-widget-container\">\n\t\t\t\t\t\t\t\t\t\t\t\t\t\t\t<img decoding=\"async\" width=\"800\" height=\"344\" src=\"https:\/\/melchersvietnam.com\/wp-content\/uploads\/2026\/02\/desma_rundtischmaschine_80_years_webseite-1024x440.png\" class=\"attachment-large size-large wp-image-6747\" alt=\"\" srcset=\"https:\/\/melchersvietnam.com\/wp-content\/uploads\/2026\/02\/desma_rundtischmaschine_80_years_webseite-1024x440.png 1024w, https:\/\/melchersvietnam.com\/wp-content\/uploads\/2026\/02\/desma_rundtischmaschine_80_years_webseite-300x129.png 300w, https:\/\/melchersvietnam.com\/wp-content\/uploads\/2026\/02\/desma_rundtischmaschine_80_years_webseite-768x330.png 768w, https:\/\/melchersvietnam.com\/wp-content\/uploads\/2026\/02\/desma_rundtischmaschine_80_years_webseite-1536x660.png 1536w, https:\/\/melchersvietnam.com\/wp-content\/uploads\/2026\/02\/desma_rundtischmaschine_80_years_webseite-18x8.png 18w, https:\/\/melchersvietnam.com\/wp-content\/uploads\/2026\/02\/desma_rundtischmaschine_80_years_webseite.png 1920w\" sizes=\"(max-width: 800px) 100vw, 800px\" \/>\t\t\t\t\t\t\t\t\t\t\t\t\t\t\t<\/div>\n\t\t\t\t<\/div>\n\t\t\t\t<\/div>\n\t\t\t\t<\/div>\n\t\t\t\t<\/div>\n\t\t\t\t<\/div>","protected":false},"excerpt":{"rendered":"<p>Footwear Footwear manufacturing is a dynamic industry that combines design, materials, and technology to produce shoes for fashion, sports, and industrial use. At Melchers Vietnam, we offer advanced machinery, components, and solutions to support every stage of the footwear production process\u2014from cutting and stitching to molding and finishing. Our goal is to help manufacturers improve [&hellip;]<\/p>\n","protected":false},"author":6,"featured_media":0,"parent":1380,"menu_order":0,"comment_status":"closed","ping_status":"closed","template":"","meta":{"_acf_changed":false,"footnotes":""},"class_list":["post-5897","page","type-page","status-publish","hentry"],"acf":[],"yoast_head":"<!-- This site is optimized with the Yoast SEO plugin v27.4 - https:\/\/yoast.com\/product\/yoast-seo-wordpress\/ -->\n<title>Footwear | Melchers Vietnam<\/title>\n<meta name=\"description\" content=\"DESMA | PU Soling | Injection Molding | Shoe Automation | High-performance Systems \u25b7 Innovate your footwear production with Melchers Vietnam\" \/>\n<meta name=\"robots\" content=\"index, follow, max-snippet:-1, max-image-preview:large, max-video-preview:-1\" \/>\n<link rel=\"canonical\" href=\"https:\/\/melchersvietnam.com\/vn\/products-solutions\/footwear\/\" \/>\n<meta property=\"og:locale\" content=\"vi_VN\" \/>\n<meta property=\"og:type\" content=\"article\" \/>\n<meta property=\"og:title\" content=\"Footwear | Melchers Vietnam\" \/>\n<meta property=\"og:description\" content=\"DESMA | PU Soling | Injection Molding | Shoe Automation | High-performance Systems \u25b7 Innovate your footwear production with Melchers Vietnam\" \/>\n<meta property=\"og:url\" content=\"https:\/\/melchersvietnam.com\/vn\/products-solutions\/footwear\/\" \/>\n<meta property=\"og:site_name\" content=\"Melchers Vietnam\" \/>\n<meta property=\"article:modified_time\" content=\"2026-03-10T10:37:04+00:00\" \/>\n<meta property=\"og:image\" content=\"https:\/\/melchersvietnam.com\/wp-content\/uploads\/2026\/02\/desma_logo_slogan_2022_2500px_jpg-7eca82303a217348391c908198eeb755-0.jpg\" \/>\n\t<meta property=\"og:image:width\" content=\"2500\" \/>\n\t<meta property=\"og:image:height\" content=\"1085\" \/>\n\t<meta property=\"og:image:type\" content=\"image\/jpeg\" \/>\n<meta name=\"twitter:card\" content=\"summary_large_image\" \/>\n<meta name=\"twitter:label1\" content=\"\u01af\u1edbc t\u00ednh th\u1eddi gian \u0111\u1ecdc\" \/>\n\t<meta name=\"twitter:data1\" content=\"1 ph\u00fat\" \/>\n<script type=\"application\/ld+json\" class=\"yoast-schema-graph\">{\"@context\":\"https:\\\/\\\/schema.org\",\"@graph\":[{\"@type\":\"WebPage\",\"@id\":\"https:\\\/\\\/melchersvietnam.com\\\/products-solutions\\\/footwear\\\/\",\"url\":\"https:\\\/\\\/melchersvietnam.com\\\/products-solutions\\\/footwear\\\/\",\"name\":\"Footwear | Melchers Vietnam\",\"isPartOf\":{\"@id\":\"https:\\\/\\\/melchersvietnam.com\\\/#website\"},\"primaryImageOfPage\":{\"@id\":\"https:\\\/\\\/melchersvietnam.com\\\/products-solutions\\\/footwear\\\/#primaryimage\"},\"image\":{\"@id\":\"https:\\\/\\\/melchersvietnam.com\\\/products-solutions\\\/footwear\\\/#primaryimage\"},\"thumbnailUrl\":\"https:\\\/\\\/melchersvietnam.com\\\/wp-content\\\/uploads\\\/2026\\\/02\\\/desma_logo_slogan_2022_2500px_jpg-7eca82303a217348391c908198eeb755-0-1024x444.jpg\",\"datePublished\":\"2025-08-27T06:49:21+00:00\",\"dateModified\":\"2026-03-10T10:37:04+00:00\",\"description\":\"DESMA | PU Soling | Injection Molding | Shoe Automation | High-performance Systems \u25b7 Innovate your footwear production with Melchers Vietnam\",\"breadcrumb\":{\"@id\":\"https:\\\/\\\/melchersvietnam.com\\\/products-solutions\\\/footwear\\\/#breadcrumb\"},\"inLanguage\":\"vi\",\"potentialAction\":[{\"@type\":\"ReadAction\",\"target\":[\"https:\\\/\\\/melchersvietnam.com\\\/products-solutions\\\/footwear\\\/\"]}]},{\"@type\":\"ImageObject\",\"inLanguage\":\"vi\",\"@id\":\"https:\\\/\\\/melchersvietnam.com\\\/products-solutions\\\/footwear\\\/#primaryimage\",\"url\":\"https:\\\/\\\/melchersvietnam.com\\\/wp-content\\\/uploads\\\/2026\\\/02\\\/desma_logo_slogan_2022_2500px_jpg-7eca82303a217348391c908198eeb755-0-1024x444.jpg\",\"contentUrl\":\"https:\\\/\\\/melchersvietnam.com\\\/wp-content\\\/uploads\\\/2026\\\/02\\\/desma_logo_slogan_2022_2500px_jpg-7eca82303a217348391c908198eeb755-0-1024x444.jpg\"},{\"@type\":\"BreadcrumbList\",\"@id\":\"https:\\\/\\\/melchersvietnam.com\\\/products-solutions\\\/footwear\\\/#breadcrumb\",\"itemListElement\":[{\"@type\":\"ListItem\",\"position\":1,\"name\":\"Home\",\"item\":\"https:\\\/\\\/melchersvietnam.com\\\/\"},{\"@type\":\"ListItem\",\"position\":2,\"name\":\"Products &amp; Solutions\",\"item\":\"https:\\\/\\\/melchersvietnam.com\\\/products-solutions\\\/\"},{\"@type\":\"ListItem\",\"position\":3,\"name\":\"Footwear\"}]},{\"@type\":\"WebSite\",\"@id\":\"https:\\\/\\\/melchersvietnam.com\\\/#website\",\"url\":\"https:\\\/\\\/melchersvietnam.com\\\/\",\"name\":\"Melchers Vietnam\",\"description\":\"\",\"publisher\":{\"@id\":\"https:\\\/\\\/melchersvietnam.com\\\/#organization\"},\"alternateName\":\"Melchers Vietnam\",\"potentialAction\":[{\"@type\":\"SearchAction\",\"target\":{\"@type\":\"EntryPoint\",\"urlTemplate\":\"https:\\\/\\\/melchersvietnam.com\\\/?s={search_term_string}\"},\"query-input\":{\"@type\":\"PropertyValueSpecification\",\"valueRequired\":true,\"valueName\":\"search_term_string\"}}],\"inLanguage\":\"vi\"},{\"@type\":\"Organization\",\"@id\":\"https:\\\/\\\/melchersvietnam.com\\\/#organization\",\"name\":\"Melchers Thailand\",\"url\":\"https:\\\/\\\/melchersvietnam.com\\\/\",\"logo\":{\"@type\":\"ImageObject\",\"inLanguage\":\"vi\",\"@id\":\"https:\\\/\\\/melchersvietnam.com\\\/#\\\/schema\\\/logo\\\/image\\\/\",\"url\":\"https:\\\/\\\/melchersvietnam.com\\\/wp-content\\\/uploads\\\/2024\\\/07\\\/Melchers_Logo_2021_RGB_RZ.png\",\"contentUrl\":\"https:\\\/\\\/melchersvietnam.com\\\/wp-content\\\/uploads\\\/2024\\\/07\\\/Melchers_Logo_2021_RGB_RZ.png\",\"width\":1000,\"height\":410,\"caption\":\"Melchers Thailand\"},\"image\":{\"@id\":\"https:\\\/\\\/melchersvietnam.com\\\/#\\\/schema\\\/logo\\\/image\\\/\"}}]}<\/script>\n<!-- \/ Yoast SEO plugin. -->","yoast_head_json":{"title":"Footwear | Melchers Vietnam","description":"DESMA | PU Soling | Injection Molding | Shoe Automation | High-performance Systems \u25b7 Innovate your footwear production with Melchers Vietnam","robots":{"index":"index","follow":"follow","max-snippet":"max-snippet:-1","max-image-preview":"max-image-preview:large","max-video-preview":"max-video-preview:-1"},"canonical":"https:\/\/melchersvietnam.com\/vn\/products-solutions\/footwear\/","og_locale":"vi_VN","og_type":"article","og_title":"Footwear | Melchers Vietnam","og_description":"DESMA | PU Soling | Injection Molding | Shoe Automation | High-performance Systems \u25b7 Innovate your footwear production with Melchers Vietnam","og_url":"https:\/\/melchersvietnam.com\/vn\/products-solutions\/footwear\/","og_site_name":"Melchers Vietnam","article_modified_time":"2026-03-10T10:37:04+00:00","og_image":[{"width":2500,"height":1085,"url":"https:\/\/melchersvietnam.com\/wp-content\/uploads\/2026\/02\/desma_logo_slogan_2022_2500px_jpg-7eca82303a217348391c908198eeb755-0.jpg","type":"image\/jpeg"}],"twitter_card":"summary_large_image","twitter_misc":{"\u01af\u1edbc t\u00ednh th\u1eddi gian \u0111\u1ecdc":"1 ph\u00fat"},"schema":{"@context":"https:\/\/schema.org","@graph":[{"@type":"WebPage","@id":"https:\/\/melchersvietnam.com\/products-solutions\/footwear\/","url":"https:\/\/melchersvietnam.com\/products-solutions\/footwear\/","name":"Footwear | Melchers Vietnam","isPartOf":{"@id":"https:\/\/melchersvietnam.com\/#website"},"primaryImageOfPage":{"@id":"https:\/\/melchersvietnam.com\/products-solutions\/footwear\/#primaryimage"},"image":{"@id":"https:\/\/melchersvietnam.com\/products-solutions\/footwear\/#primaryimage"},"thumbnailUrl":"https:\/\/melchersvietnam.com\/wp-content\/uploads\/2026\/02\/desma_logo_slogan_2022_2500px_jpg-7eca82303a217348391c908198eeb755-0-1024x444.jpg","datePublished":"2025-08-27T06:49:21+00:00","dateModified":"2026-03-10T10:37:04+00:00","description":"DESMA | PU Soling | Injection Molding | Shoe Automation | High-performance Systems \u25b7 Innovate your footwear production with Melchers Vietnam","breadcrumb":{"@id":"https:\/\/melchersvietnam.com\/products-solutions\/footwear\/#breadcrumb"},"inLanguage":"vi","potentialAction":[{"@type":"ReadAction","target":["https:\/\/melchersvietnam.com\/products-solutions\/footwear\/"]}]},{"@type":"ImageObject","inLanguage":"vi","@id":"https:\/\/melchersvietnam.com\/products-solutions\/footwear\/#primaryimage","url":"https:\/\/melchersvietnam.com\/wp-content\/uploads\/2026\/02\/desma_logo_slogan_2022_2500px_jpg-7eca82303a217348391c908198eeb755-0-1024x444.jpg","contentUrl":"https:\/\/melchersvietnam.com\/wp-content\/uploads\/2026\/02\/desma_logo_slogan_2022_2500px_jpg-7eca82303a217348391c908198eeb755-0-1024x444.jpg"},{"@type":"BreadcrumbList","@id":"https:\/\/melchersvietnam.com\/products-solutions\/footwear\/#breadcrumb","itemListElement":[{"@type":"ListItem","position":1,"name":"Home","item":"https:\/\/melchersvietnam.com\/"},{"@type":"ListItem","position":2,"name":"Products &amp; Solutions","item":"https:\/\/melchersvietnam.com\/products-solutions\/"},{"@type":"ListItem","position":3,"name":"Footwear"}]},{"@type":"WebSite","@id":"https:\/\/melchersvietnam.com\/#website","url":"https:\/\/melchersvietnam.com\/","name":"Melchers Vi\u1ec7t Nam","description":"","publisher":{"@id":"https:\/\/melchersvietnam.com\/#organization"},"alternateName":"Melchers Vietnam","potentialAction":[{"@type":"SearchAction","target":{"@type":"EntryPoint","urlTemplate":"https:\/\/melchersvietnam.com\/?s={search_term_string}"},"query-input":{"@type":"PropertyValueSpecification","valueRequired":true,"valueName":"search_term_string"}}],"inLanguage":"vi"},{"@type":"Organization","@id":"https:\/\/melchersvietnam.com\/#organization","name":"Melchers Thailand","url":"https:\/\/melchersvietnam.com\/","logo":{"@type":"ImageObject","inLanguage":"vi","@id":"https:\/\/melchersvietnam.com\/#\/schema\/logo\/image\/","url":"https:\/\/melchersvietnam.com\/wp-content\/uploads\/2024\/07\/Melchers_Logo_2021_RGB_RZ.png","contentUrl":"https:\/\/melchersvietnam.com\/wp-content\/uploads\/2024\/07\/Melchers_Logo_2021_RGB_RZ.png","width":1000,"height":410,"caption":"Melchers Thailand"},"image":{"@id":"https:\/\/melchersvietnam.com\/#\/schema\/logo\/image\/"}}]}},"_links":{"self":[{"href":"https:\/\/melchersvietnam.com\/vn\/wp-json\/wp\/v2\/pages\/5897","targetHints":{"allow":["GET"]}}],"collection":[{"href":"https:\/\/melchersvietnam.com\/vn\/wp-json\/wp\/v2\/pages"}],"about":[{"href":"https:\/\/melchersvietnam.com\/vn\/wp-json\/wp\/v2\/types\/page"}],"author":[{"embeddable":true,"href":"https:\/\/melchersvietnam.com\/vn\/wp-json\/wp\/v2\/users\/6"}],"replies":[{"embeddable":true,"href":"https:\/\/melchersvietnam.com\/vn\/wp-json\/wp\/v2\/comments?post=5897"}],"version-history":[{"count":31,"href":"https:\/\/melchersvietnam.com\/vn\/wp-json\/wp\/v2\/pages\/5897\/revisions"}],"predecessor-version":[{"id":6932,"href":"https:\/\/melchersvietnam.com\/vn\/wp-json\/wp\/v2\/pages\/5897\/revisions\/6932"}],"up":[{"embeddable":true,"href":"https:\/\/melchersvietnam.com\/vn\/wp-json\/wp\/v2\/pages\/1380"}],"wp:attachment":[{"href":"https:\/\/melchersvietnam.com\/vn\/wp-json\/wp\/v2\/media?parent=5897"}],"curies":[{"name":"wp","href":"https:\/\/api.w.org\/{rel}","templated":true}]}}