{"id":612,"date":"2024-07-09T10:32:48","date_gmt":"2024-07-09T10:32:48","guid":{"rendered":"https:\/\/dev.melchersvietnam.com\/contact-form-4\/"},"modified":"2025-12-18T07:13:39","modified_gmt":"2025-12-18T07:13:39","slug":"contact","status":"publish","type":"page","link":"https:\/\/melchersvietnam.com\/vn\/contact\/","title":{"rendered":"LI\u00caN H\u1ec6"},"content":{"rendered":"<div data-elementor-type=\"wp-page\" data-elementor-id=\"612\" class=\"elementor elementor-612\" data-elementor-post-type=\"page\">\n\t\t\t\t<div class=\"elementor-element elementor-element-5680dd02 e-con-full e-flex e-con e-parent\" data-id=\"5680dd02\" data-element_type=\"container\" data-e-type=\"container\" data-settings=\"{&quot;background_background&quot;:&quot;classic&quot;}\">\n\t\t<div class=\"elementor-element elementor-element-6df2f68f e-con-full e-flex e-con e-child\" data-id=\"6df2f68f\" data-element_type=\"container\" data-e-type=\"container\" data-settings=\"{&quot;background_background&quot;:&quot;classic&quot;}\">\n\t\t\t\t<div class=\"elementor-element elementor-element-6e7a3122 elementor-widget elementor-widget-heading\" data-id=\"6e7a3122\" data-element_type=\"widget\" data-e-type=\"widget\" data-widget_type=\"heading.default\">\n\t\t\t\t<div class=\"elementor-widget-container\">\n\t\t\t\t\t<h1 class=\"elementor-heading-title elementor-size-default\">LI\u00caN H\u1ec6 V\u1edaI CH\u00daNG T\u00d4I<\/h1>\t\t\t\t<\/div>\n\t\t\t\t<\/div>\n\t\t\t\t<\/div>\n\t\t\t\t<\/div>\n\t\t<div class=\"elementor-element elementor-element-298eced e-con-full e-flex e-con e-parent\" data-id=\"298eced\" data-element_type=\"container\" data-e-type=\"container\">\n\t\t\t\t<div class=\"elementor-element elementor-element-25dd20a elementor-widget elementor-widget-text-editor\" data-id=\"25dd20a\" data-element_type=\"widget\" data-e-type=\"widget\" data-widget_type=\"text-editor.default\">\n\t\t\t\t<div class=\"elementor-widget-container\">\n\t\t\t\t\t\t\t\t\t<p>B\u1ea1n c\u00f3 th\u1eafc m\u1eafc ho\u1eb7c c\u1ea7n h\u1ed7 tr\u1ee3? \u0110\u1ed9i ng\u0169 c\u1ee7a ch\u00fang t\u00f4i lu\u00f4n s\u1eb5n s\u00e0ng gi\u00fap \u0111\u1ee1 b\u1ea1n.<\/p><p><strong>C\u00f4ng ty TNHH Melchers Vi\u1ec7t Nam<\/strong><br \/>Ph\u00f2ng 402, T\u00f2a nh\u00e0 SATRA<br \/>S\u1ed1 58 \u0110\u1ed3ng Kh\u1edfi<br \/>Ph\u01b0\u1eddng S\u00e0i G\u00f2n<br \/>H\u1ed3 Ch\u00ed Minh, Vi\u1ec7t Nam<\/p><p>\u0110i\u1ec7n tho\u1ea1i: +84-28-3823 1393<br \/>E-Mail: <a href=\"mailto:melchers@melchersvietnam.com\" target=\"_blank\" rel=\"noopener\">melchers@melchersvietnam.com<\/a><\/p>\t\t\t\t\t\t\t\t<\/div>\n\t\t\t\t<\/div>\n\t\t\t\t<\/div>\n\t\t\t\t<\/div>","protected":false},"excerpt":{"rendered":"<p>Contact Us Have questions or need support? Our team is here to help. Melchers (Vietnam) Ltd.Room 402, SATRA Building,58 Dong Khoi Street,Sai Gon Ward,Ho Chi Minh City, Vietnam Phone: +84-28-3823 1393E-Mail: melchers@melchersvietnam.com<\/p>","protected":false},"author":6,"featured_media":0,"parent":0,"menu_order":0,"comment_status":"closed","ping_status":"closed","template":"","meta":{"_acf_changed":false,"footnotes":""},"class_list":["post-612","page","type-page","status-publish","hentry"],"acf":[],"yoast_head":"<!-- This site is optimized with the Yoast SEO plugin v27.4 - https:\/\/yoast.com\/product\/yoast-seo-wordpress\/ -->\n<title>Contact | Melchers Vietnam<\/title>\n<meta name=\"description\" content=\"Business Enquiries | Support Services | Office Locations | Expert Assistance | Partnership Opportunities \u25b7 Get in Touch with Melchers Vietnam\" \/>\n<meta name=\"robots\" content=\"index, follow, max-snippet:-1, max-image-preview:large, max-video-preview:-1\" \/>\n<link rel=\"canonical\" href=\"https:\/\/melchersvietnam.com\/vn\/contact\/\" \/>\n<meta property=\"og:locale\" content=\"vi_VN\" \/>\n<meta property=\"og:type\" content=\"article\" \/>\n<meta property=\"og:title\" content=\"Contact | Melchers Vietnam\" \/>\n<meta property=\"og:description\" content=\"Business Enquiries | Support Services | Office Locations | Expert Assistance | Partnership Opportunities \u25b7 Get in Touch with Melchers Vietnam\" \/>\n<meta property=\"og:url\" content=\"https:\/\/melchersvietnam.com\/vn\/contact\/\" \/>\n<meta property=\"og:site_name\" content=\"Melchers Vietnam\" \/>\n<meta property=\"article:modified_time\" content=\"2025-12-18T07:13:39+00:00\" \/>\n<meta name=\"twitter:card\" content=\"summary_large_image\" \/>\n<meta name=\"twitter:label1\" content=\"\u01af\u1edbc t\u00ednh th\u1eddi gian \u0111\u1ecdc\" \/>\n\t<meta name=\"twitter:data1\" content=\"1 ph\u00fat\" \/>\n<script type=\"application\/ld+json\" class=\"yoast-schema-graph\">{\"@context\":\"https:\\\/\\\/schema.org\",\"@graph\":[{\"@type\":\"WebPage\",\"@id\":\"https:\\\/\\\/melchersvietnam.com\\\/contact\\\/\",\"url\":\"https:\\\/\\\/melchersvietnam.com\\\/contact\\\/\",\"name\":\"Contact | Melchers Vietnam\",\"isPartOf\":{\"@id\":\"https:\\\/\\\/melchersvietnam.com\\\/#website\"},\"datePublished\":\"2024-07-09T10:32:48+00:00\",\"dateModified\":\"2025-12-18T07:13:39+00:00\",\"description\":\"Business Enquiries | Support Services | Office Locations | Expert Assistance | Partnership Opportunities \u25b7 Get in Touch with Melchers Vietnam\",\"breadcrumb\":{\"@id\":\"https:\\\/\\\/melchersvietnam.com\\\/contact\\\/#breadcrumb\"},\"inLanguage\":\"vi\",\"potentialAction\":[{\"@type\":\"ReadAction\",\"target\":[\"https:\\\/\\\/melchersvietnam.com\\\/contact\\\/\"]}]},{\"@type\":\"BreadcrumbList\",\"@id\":\"https:\\\/\\\/melchersvietnam.com\\\/contact\\\/#breadcrumb\",\"itemListElement\":[{\"@type\":\"ListItem\",\"position\":1,\"name\":\"Home\",\"item\":\"https:\\\/\\\/melchersvietnam.com\\\/\"},{\"@type\":\"ListItem\",\"position\":2,\"name\":\"Contact\"}]},{\"@type\":\"WebSite\",\"@id\":\"https:\\\/\\\/melchersvietnam.com\\\/#website\",\"url\":\"https:\\\/\\\/melchersvietnam.com\\\/\",\"name\":\"Melchers Vietnam\",\"description\":\"\",\"publisher\":{\"@id\":\"https:\\\/\\\/melchersvietnam.com\\\/#organization\"},\"alternateName\":\"Melchers Vietnam\",\"potentialAction\":[{\"@type\":\"SearchAction\",\"target\":{\"@type\":\"EntryPoint\",\"urlTemplate\":\"https:\\\/\\\/melchersvietnam.com\\\/?s={search_term_string}\"},\"query-input\":{\"@type\":\"PropertyValueSpecification\",\"valueRequired\":true,\"valueName\":\"search_term_string\"}}],\"inLanguage\":\"vi\"},{\"@type\":\"Organization\",\"@id\":\"https:\\\/\\\/melchersvietnam.com\\\/#organization\",\"name\":\"Melchers Thailand\",\"url\":\"https:\\\/\\\/melchersvietnam.com\\\/\",\"logo\":{\"@type\":\"ImageObject\",\"inLanguage\":\"vi\",\"@id\":\"https:\\\/\\\/melchersvietnam.com\\\/#\\\/schema\\\/logo\\\/image\\\/\",\"url\":\"https:\\\/\\\/melchersvietnam.com\\\/wp-content\\\/uploads\\\/2024\\\/07\\\/Melchers_Logo_2021_RGB_RZ.png\",\"contentUrl\":\"https:\\\/\\\/melchersvietnam.com\\\/wp-content\\\/uploads\\\/2024\\\/07\\\/Melchers_Logo_2021_RGB_RZ.png\",\"width\":1000,\"height\":410,\"caption\":\"Melchers Thailand\"},\"image\":{\"@id\":\"https:\\\/\\\/melchersvietnam.com\\\/#\\\/schema\\\/logo\\\/image\\\/\"}}]}<\/script>\n<!-- \/ Yoast SEO plugin. -->","yoast_head_json":{"title":"Contact | Melchers Vietnam","description":"Business Enquiries | Support Services | Office Locations | Expert Assistance | Partnership Opportunities \u25b7 Get in Touch with Melchers Vietnam","robots":{"index":"index","follow":"follow","max-snippet":"max-snippet:-1","max-image-preview":"max-image-preview:large","max-video-preview":"max-video-preview:-1"},"canonical":"https:\/\/melchersvietnam.com\/vn\/contact\/","og_locale":"vi_VN","og_type":"article","og_title":"Contact | Melchers Vietnam","og_description":"Business Enquiries | Support Services | Office Locations | Expert Assistance | Partnership Opportunities \u25b7 Get in Touch with Melchers Vietnam","og_url":"https:\/\/melchersvietnam.com\/vn\/contact\/","og_site_name":"Melchers Vietnam","article_modified_time":"2025-12-18T07:13:39+00:00","twitter_card":"summary_large_image","twitter_misc":{"\u01af\u1edbc t\u00ednh th\u1eddi gian \u0111\u1ecdc":"1 ph\u00fat"},"schema":{"@context":"https:\/\/schema.org","@graph":[{"@type":"WebPage","@id":"https:\/\/melchersvietnam.com\/contact\/","url":"https:\/\/melchersvietnam.com\/contact\/","name":"Contact | Melchers Vietnam","isPartOf":{"@id":"https:\/\/melchersvietnam.com\/#website"},"datePublished":"2024-07-09T10:32:48+00:00","dateModified":"2025-12-18T07:13:39+00:00","description":"Business Enquiries | Support Services | Office Locations | Expert Assistance | Partnership Opportunities \u25b7 Get in Touch with Melchers Vietnam","breadcrumb":{"@id":"https:\/\/melchersvietnam.com\/contact\/#breadcrumb"},"inLanguage":"vi","potentialAction":[{"@type":"ReadAction","target":["https:\/\/melchersvietnam.com\/contact\/"]}]},{"@type":"BreadcrumbList","@id":"https:\/\/melchersvietnam.com\/contact\/#breadcrumb","itemListElement":[{"@type":"ListItem","position":1,"name":"Home","item":"https:\/\/melchersvietnam.com\/"},{"@type":"ListItem","position":2,"name":"Contact"}]},{"@type":"WebSite","@id":"https:\/\/melchersvietnam.com\/#website","url":"https:\/\/melchersvietnam.com\/","name":"Melchers Vi\u1ec7t Nam","description":"","publisher":{"@id":"https:\/\/melchersvietnam.com\/#organization"},"alternateName":"Melchers Vietnam","potentialAction":[{"@type":"SearchAction","target":{"@type":"EntryPoint","urlTemplate":"https:\/\/melchersvietnam.com\/?s={search_term_string}"},"query-input":{"@type":"PropertyValueSpecification","valueRequired":true,"valueName":"search_term_string"}}],"inLanguage":"vi"},{"@type":"Organization","@id":"https:\/\/melchersvietnam.com\/#organization","name":"Melchers Thailand","url":"https:\/\/melchersvietnam.com\/","logo":{"@type":"ImageObject","inLanguage":"vi","@id":"https:\/\/melchersvietnam.com\/#\/schema\/logo\/image\/","url":"https:\/\/melchersvietnam.com\/wp-content\/uploads\/2024\/07\/Melchers_Logo_2021_RGB_RZ.png","contentUrl":"https:\/\/melchersvietnam.com\/wp-content\/uploads\/2024\/07\/Melchers_Logo_2021_RGB_RZ.png","width":1000,"height":410,"caption":"Melchers Thailand"},"image":{"@id":"https:\/\/melchersvietnam.com\/#\/schema\/logo\/image\/"}}]}},"_links":{"self":[{"href":"https:\/\/melchersvietnam.com\/vn\/wp-json\/wp\/v2\/pages\/612","targetHints":{"allow":["GET"]}}],"collection":[{"href":"https:\/\/melchersvietnam.com\/vn\/wp-json\/wp\/v2\/pages"}],"about":[{"href":"https:\/\/melchersvietnam.com\/vn\/wp-json\/wp\/v2\/types\/page"}],"author":[{"embeddable":true,"href":"https:\/\/melchersvietnam.com\/vn\/wp-json\/wp\/v2\/users\/6"}],"replies":[{"embeddable":true,"href":"https:\/\/melchersvietnam.com\/vn\/wp-json\/wp\/v2\/comments?post=612"}],"version-history":[{"count":72,"href":"https:\/\/melchersvietnam.com\/vn\/wp-json\/wp\/v2\/pages\/612\/revisions"}],"predecessor-version":[{"id":6422,"href":"https:\/\/melchersvietnam.com\/vn\/wp-json\/wp\/v2\/pages\/612\/revisions\/6422"}],"wp:attachment":[{"href":"https:\/\/melchersvietnam.com\/vn\/wp-json\/wp\/v2\/media?parent=612"}],"curies":[{"name":"wp","href":"https:\/\/api.w.org\/{rel}","templated":true}]}}