{"id":618,"date":"2024-07-09T10:32:49","date_gmt":"2024-07-09T10:32:49","guid":{"rendered":"https:\/\/dev.melchersvietnam.com\/offene-stellen-4\/"},"modified":"2026-02-09T00:09:47","modified_gmt":"2026-02-09T00:09:47","slug":"job-opportunities","status":"publish","type":"page","link":"https:\/\/melchersvietnam.com\/vn\/job-opportunities\/","title":{"rendered":"C\u01a1 h\u1ed9i vi\u1ec7c l\u00e0m"},"content":{"rendered":"<div data-elementor-type=\"wp-page\" data-elementor-id=\"618\" class=\"elementor elementor-618\" data-elementor-post-type=\"page\">\n\t\t\t\t<div class=\"elementor-element elementor-element-1d1fa555 e-con-full e-flex e-con e-parent\" data-id=\"1d1fa555\" data-element_type=\"container\" data-e-type=\"container\" data-settings=\"{&quot;background_background&quot;:&quot;classic&quot;}\">\n\t\t<div class=\"elementor-element elementor-element-101e4a58 e-con-full e-flex e-con e-child\" data-id=\"101e4a58\" data-element_type=\"container\" data-e-type=\"container\" data-settings=\"{&quot;background_background&quot;:&quot;classic&quot;}\">\n\t\t\t\t<div class=\"elementor-element elementor-element-6b926485 elementor-widget elementor-widget-heading\" data-id=\"6b926485\" data-element_type=\"widget\" data-e-type=\"widget\" data-widget_type=\"heading.default\">\n\t\t\t\t<div class=\"elementor-widget-container\">\n\t\t\t\t\t<h1 class=\"elementor-heading-title elementor-size-default\">C\u01a1 h\u1ed9i vi\u1ec7c l\u00e0m<\/h1>\t\t\t\t<\/div>\n\t\t\t\t<\/div>\n\t\t\t\t<\/div>\n\t\t\t\t<\/div>\n\t\t<div class=\"elementor-element elementor-element-08d770a e-con-full result-container e-flex e-con e-parent\" data-id=\"08d770a\" data-element_type=\"container\" data-e-type=\"container\">\n\t\t\t\t<div class=\"elementor-element elementor-element-53ec236 elementor-widget elementor-widget-text-editor\" data-id=\"53ec236\" data-element_type=\"widget\" data-e-type=\"widget\" data-widget_type=\"text-editor.default\">\n\t\t\t\t<div class=\"elementor-widget-container\">\n\t\t\t\t\t\t\t\t\t<p data-start=\"59\" data-end=\"340\">T\u1ea1i Melchers Vi\u1ec7t Nam, ch\u00fang t\u00f4i nh\u1eadn th\u1ee9c r\u1eb1ng con ng\u01b0\u1eddi l\u00e0 y\u1ebfu t\u1ed1 then ch\u1ed1t t\u1ea1o n\u00ean s\u1ef1 th\u00e0nh c\u00f4ng b\u1ec1n v\u1eefng c\u1ee7a c\u00f4ng ty. M\u1eb7c d\u00f9 kh\u00f4ng ph\u1ea3i l\u00fac n\u00e0o c\u0169ng c\u00f3 v\u1ecb tr\u00ed tuy\u1ec3n d\u1ee5ng ph\u00f9 h\u1ee3p ngay l\u1eadp t\u1ee9c, ch\u00fang t\u00f4i lu\u00f4n s\u1eb5n s\u00e0ng k\u1ebft n\u1ed1i v\u1edbi nh\u1eefng \u1ee9ng vi\u00ean c\u00f3 n\u0103ng l\u1ef1c v\u00e0 \u0111\u1ed9ng l\u1ef1c, mong mu\u1ed1n \u0111\u00f3ng g\u00f3p v\u00e0 ph\u00e1t tri\u1ec3n c\u00f9ng t\u1ed5 ch\u1ee9c.<\/p><p data-start=\"59\" data-end=\"340\">C\u00e1c \u1ee9ng vi\u00ean mong mu\u1ed1n \u0111\u01b0\u1ee3c xem x\u00e9t cho c\u00e1c c\u01a1 h\u1ed9i trong t\u01b0\u01a1ng lai vui l\u00f2ng g\u1eedi CV. Trong \u0111\u00f3 n\u00eau r\u00f5 th\u00f4ng tin c\u00e1 nh\u00e2n, kinh nghi\u1ec7m li\u00ean quan v\u00e0 l\u0129nh v\u1ef1c ngh\u1ec1 nghi\u1ec7p quan t\u00e2m.<\/p>\t\t\t\t\t\t\t\t<\/div>\n\t\t\t\t<\/div>\n\t\t\t\t<div class=\"elementor-element elementor-element-08cbb66 elementor-widget elementor-widget-button\" data-id=\"08cbb66\" data-element_type=\"widget\" data-e-type=\"widget\" data-widget_type=\"button.default\">\n\t\t\t\t<div class=\"elementor-widget-container\">\n\t\t\t\t\t\t\t\t\t<div class=\"elementor-button-wrapper\">\n\t\t\t\t\t<a class=\"elementor-button elementor-button-link elementor-size-sm\" href=\"mailto:thao.mai@melchersvietnam.com\">\n\t\t\t\t\t\t<span class=\"elementor-button-content-wrapper\">\n\t\t\t\t\t\t\t\t\t<span class=\"elementor-button-text\">G\u1eecI CV C\u1ee6A B\u1ea0N CHO CH\u00daNG T\u00d4I NGAY H\u00d4M NAY!<\/span>\n\t\t\t\t\t<\/span>\n\t\t\t\t\t<\/a>\n\t\t\t\t<\/div>\n\t\t\t\t\t\t\t\t<\/div>\n\t\t\t\t<\/div>\n\t\t\t\t<\/div>\n\t\t\t\t<\/div>","protected":false},"excerpt":{"rendered":"<p>Job Opportunities At Melchers Vietnam, we recognize that our people are fundamental to our continued success. While there may not always be an immediate vacancy, we welcome the opportunity to engage with qualified and motivated professionals who are interested in contributing to our organization. Candidates who wish to be considered for future opportunities are invited [&hellip;]<\/p>\n","protected":false},"author":6,"featured_media":0,"parent":0,"menu_order":0,"comment_status":"closed","ping_status":"closed","template":"","meta":{"_acf_changed":false,"footnotes":""},"class_list":["post-618","page","type-page","status-publish","hentry"],"acf":[],"yoast_head":"<!-- This site is optimized with the Yoast SEO plugin v27.4 - https:\/\/yoast.com\/product\/yoast-seo-wordpress\/ -->\n<title>Job Opportunities | Melchers Vietnam %, C\u01a1 h\u1ed9i vi\u1ec7c l\u00e0m Melchers<\/title>\n<meta name=\"description\" content=\"Kh\u00e1m ph\u00e1 c\u01a1 h\u1ed9i ngh\u1ec1 nghi\u1ec7p t\u1ea1i Melchers Vi\u1ec7t Nam. G\u1eedi CV \u0111\u1ec3 \u0111\u01b0\u1ee3c xem x\u00e9t cho c\u00e1c v\u1ecb tr\u00ed hi\u1ec7n t\u1ea1i v\u00e0 t\u01b0\u01a1ng lai trong c\u00f4ng ty.\" \/>\n<meta name=\"robots\" content=\"index, follow, max-snippet:-1, max-image-preview:large, max-video-preview:-1\" \/>\n<link rel=\"canonical\" href=\"https:\/\/melchersvietnam.com\/vn\/job-opportunities\/\" \/>\n<meta property=\"og:locale\" content=\"vi_VN\" \/>\n<meta property=\"og:type\" content=\"article\" \/>\n<meta property=\"og:title\" content=\"Job Opportunities | Melchers Vietnam\" \/>\n<meta property=\"og:description\" content=\"Kh\u00e1m ph\u00e1 c\u01a1 h\u1ed9i ngh\u1ec1 nghi\u1ec7p t\u1ea1i Melchers Vi\u1ec7t Nam. G\u1eedi CV \u0111\u1ec3 \u0111\u01b0\u1ee3c xem x\u00e9t cho c\u00e1c v\u1ecb tr\u00ed hi\u1ec7n t\u1ea1i v\u00e0 t\u01b0\u01a1ng lai trong c\u00f4ng ty.\" \/>\n<meta property=\"og:url\" content=\"https:\/\/melchersvietnam.com\/vn\/job-opportunities\/\" \/>\n<meta property=\"og:site_name\" content=\"Melchers Vietnam\" \/>\n<meta property=\"article:modified_time\" content=\"2026-02-09T00:09:47+00:00\" \/>\n<meta name=\"twitter:card\" content=\"summary_large_image\" \/>\n<meta name=\"twitter:label1\" content=\"\u01af\u1edbc t\u00ednh th\u1eddi gian \u0111\u1ecdc\" \/>\n\t<meta name=\"twitter:data1\" content=\"1 ph\u00fat\" \/>\n<script type=\"application\/ld+json\" class=\"yoast-schema-graph\">{\"@context\":\"https:\\\/\\\/schema.org\",\"@graph\":[{\"@type\":\"WebPage\",\"@id\":\"https:\\\/\\\/melchersvietnam.com\\\/job-opportunities\\\/\",\"url\":\"https:\\\/\\\/melchersvietnam.com\\\/job-opportunities\\\/\",\"name\":\"Job Opportunities | Melchers Vietnam %, C\u01a1 h\u1ed9i vi\u1ec7c l\u00e0m Melchers\",\"isPartOf\":{\"@id\":\"https:\\\/\\\/melchersvietnam.com\\\/#website\"},\"datePublished\":\"2024-07-09T10:32:49+00:00\",\"dateModified\":\"2026-02-09T00:09:47+00:00\",\"description\":\"Kh\u00e1m ph\u00e1 c\u01a1 h\u1ed9i ngh\u1ec1 nghi\u1ec7p t\u1ea1i Melchers Vi\u1ec7t Nam. G\u1eedi CV \u0111\u1ec3 \u0111\u01b0\u1ee3c xem x\u00e9t cho c\u00e1c v\u1ecb tr\u00ed hi\u1ec7n t\u1ea1i v\u00e0 t\u01b0\u01a1ng lai trong c\u00f4ng ty.\",\"breadcrumb\":{\"@id\":\"https:\\\/\\\/melchersvietnam.com\\\/job-opportunities\\\/#breadcrumb\"},\"inLanguage\":\"vi\",\"potentialAction\":[{\"@type\":\"ReadAction\",\"target\":[\"https:\\\/\\\/melchersvietnam.com\\\/job-opportunities\\\/\"]}]},{\"@type\":\"BreadcrumbList\",\"@id\":\"https:\\\/\\\/melchersvietnam.com\\\/job-opportunities\\\/#breadcrumb\",\"itemListElement\":[{\"@type\":\"ListItem\",\"position\":1,\"name\":\"Home\",\"item\":\"https:\\\/\\\/melchersvietnam.com\\\/\"},{\"@type\":\"ListItem\",\"position\":2,\"name\":\"Job Opportunities\"}]},{\"@type\":\"WebSite\",\"@id\":\"https:\\\/\\\/melchersvietnam.com\\\/#website\",\"url\":\"https:\\\/\\\/melchersvietnam.com\\\/\",\"name\":\"Melchers Vietnam\",\"description\":\"\",\"publisher\":{\"@id\":\"https:\\\/\\\/melchersvietnam.com\\\/#organization\"},\"alternateName\":\"Melchers Vietnam\",\"potentialAction\":[{\"@type\":\"SearchAction\",\"target\":{\"@type\":\"EntryPoint\",\"urlTemplate\":\"https:\\\/\\\/melchersvietnam.com\\\/?s={search_term_string}\"},\"query-input\":{\"@type\":\"PropertyValueSpecification\",\"valueRequired\":true,\"valueName\":\"search_term_string\"}}],\"inLanguage\":\"vi\"},{\"@type\":\"Organization\",\"@id\":\"https:\\\/\\\/melchersvietnam.com\\\/#organization\",\"name\":\"Melchers Thailand\",\"url\":\"https:\\\/\\\/melchersvietnam.com\\\/\",\"logo\":{\"@type\":\"ImageObject\",\"inLanguage\":\"vi\",\"@id\":\"https:\\\/\\\/melchersvietnam.com\\\/#\\\/schema\\\/logo\\\/image\\\/\",\"url\":\"https:\\\/\\\/melchersvietnam.com\\\/wp-content\\\/uploads\\\/2024\\\/07\\\/Melchers_Logo_2021_RGB_RZ.png\",\"contentUrl\":\"https:\\\/\\\/melchersvietnam.com\\\/wp-content\\\/uploads\\\/2024\\\/07\\\/Melchers_Logo_2021_RGB_RZ.png\",\"width\":1000,\"height\":410,\"caption\":\"Melchers Thailand\"},\"image\":{\"@id\":\"https:\\\/\\\/melchersvietnam.com\\\/#\\\/schema\\\/logo\\\/image\\\/\"}}]}<\/script>\n<!-- \/ Yoast SEO plugin. -->","yoast_head_json":{"title":"Job Opportunities | Melchers Vietnam %, C\u01a1 h\u1ed9i vi\u1ec7c l\u00e0m Melchers","description":"Kh\u00e1m ph\u00e1 c\u01a1 h\u1ed9i ngh\u1ec1 nghi\u1ec7p t\u1ea1i Melchers Vi\u1ec7t Nam. G\u1eedi CV \u0111\u1ec3 \u0111\u01b0\u1ee3c xem x\u00e9t cho c\u00e1c v\u1ecb tr\u00ed hi\u1ec7n t\u1ea1i v\u00e0 t\u01b0\u01a1ng lai trong c\u00f4ng ty.","robots":{"index":"index","follow":"follow","max-snippet":"max-snippet:-1","max-image-preview":"max-image-preview:large","max-video-preview":"max-video-preview:-1"},"canonical":"https:\/\/melchersvietnam.com\/vn\/job-opportunities\/","og_locale":"vi_VN","og_type":"article","og_title":"Job Opportunities | Melchers Vietnam","og_description":"Kh\u00e1m ph\u00e1 c\u01a1 h\u1ed9i ngh\u1ec1 nghi\u1ec7p t\u1ea1i Melchers Vi\u1ec7t Nam. G\u1eedi CV \u0111\u1ec3 \u0111\u01b0\u1ee3c xem x\u00e9t cho c\u00e1c v\u1ecb tr\u00ed hi\u1ec7n t\u1ea1i v\u00e0 t\u01b0\u01a1ng lai trong c\u00f4ng ty.","og_url":"https:\/\/melchersvietnam.com\/vn\/job-opportunities\/","og_site_name":"Melchers Vietnam","article_modified_time":"2026-02-09T00:09:47+00:00","twitter_card":"summary_large_image","twitter_misc":{"\u01af\u1edbc t\u00ednh th\u1eddi gian \u0111\u1ecdc":"1 ph\u00fat"},"schema":{"@context":"https:\/\/schema.org","@graph":[{"@type":"WebPage","@id":"https:\/\/melchersvietnam.com\/job-opportunities\/","url":"https:\/\/melchersvietnam.com\/job-opportunities\/","name":"Job Opportunities | Melchers Vietnam %, C\u01a1 h\u1ed9i vi\u1ec7c l\u00e0m Melchers","isPartOf":{"@id":"https:\/\/melchersvietnam.com\/#website"},"datePublished":"2024-07-09T10:32:49+00:00","dateModified":"2026-02-09T00:09:47+00:00","description":"Kh\u00e1m ph\u00e1 c\u01a1 h\u1ed9i ngh\u1ec1 nghi\u1ec7p t\u1ea1i Melchers Vi\u1ec7t Nam. G\u1eedi CV \u0111\u1ec3 \u0111\u01b0\u1ee3c xem x\u00e9t cho c\u00e1c v\u1ecb tr\u00ed hi\u1ec7n t\u1ea1i v\u00e0 t\u01b0\u01a1ng lai trong c\u00f4ng ty.","breadcrumb":{"@id":"https:\/\/melchersvietnam.com\/job-opportunities\/#breadcrumb"},"inLanguage":"vi","potentialAction":[{"@type":"ReadAction","target":["https:\/\/melchersvietnam.com\/job-opportunities\/"]}]},{"@type":"BreadcrumbList","@id":"https:\/\/melchersvietnam.com\/job-opportunities\/#breadcrumb","itemListElement":[{"@type":"ListItem","position":1,"name":"Home","item":"https:\/\/melchersvietnam.com\/"},{"@type":"ListItem","position":2,"name":"Job Opportunities"}]},{"@type":"WebSite","@id":"https:\/\/melchersvietnam.com\/#website","url":"https:\/\/melchersvietnam.com\/","name":"Melchers Vi\u1ec7t Nam","description":"","publisher":{"@id":"https:\/\/melchersvietnam.com\/#organization"},"alternateName":"Melchers Vietnam","potentialAction":[{"@type":"SearchAction","target":{"@type":"EntryPoint","urlTemplate":"https:\/\/melchersvietnam.com\/?s={search_term_string}"},"query-input":{"@type":"PropertyValueSpecification","valueRequired":true,"valueName":"search_term_string"}}],"inLanguage":"vi"},{"@type":"Organization","@id":"https:\/\/melchersvietnam.com\/#organization","name":"Melchers Thailand","url":"https:\/\/melchersvietnam.com\/","logo":{"@type":"ImageObject","inLanguage":"vi","@id":"https:\/\/melchersvietnam.com\/#\/schema\/logo\/image\/","url":"https:\/\/melchersvietnam.com\/wp-content\/uploads\/2024\/07\/Melchers_Logo_2021_RGB_RZ.png","contentUrl":"https:\/\/melchersvietnam.com\/wp-content\/uploads\/2024\/07\/Melchers_Logo_2021_RGB_RZ.png","width":1000,"height":410,"caption":"Melchers Thailand"},"image":{"@id":"https:\/\/melchersvietnam.com\/#\/schema\/logo\/image\/"}}]}},"_links":{"self":[{"href":"https:\/\/melchersvietnam.com\/vn\/wp-json\/wp\/v2\/pages\/618","targetHints":{"allow":["GET"]}}],"collection":[{"href":"https:\/\/melchersvietnam.com\/vn\/wp-json\/wp\/v2\/pages"}],"about":[{"href":"https:\/\/melchersvietnam.com\/vn\/wp-json\/wp\/v2\/types\/page"}],"author":[{"embeddable":true,"href":"https:\/\/melchersvietnam.com\/vn\/wp-json\/wp\/v2\/users\/6"}],"replies":[{"embeddable":true,"href":"https:\/\/melchersvietnam.com\/vn\/wp-json\/wp\/v2\/comments?post=618"}],"version-history":[{"count":92,"href":"https:\/\/melchersvietnam.com\/vn\/wp-json\/wp\/v2\/pages\/618\/revisions"}],"predecessor-version":[{"id":6662,"href":"https:\/\/melchersvietnam.com\/vn\/wp-json\/wp\/v2\/pages\/618\/revisions\/6662"}],"wp:attachment":[{"href":"https:\/\/melchersvietnam.com\/vn\/wp-json\/wp\/v2\/media?parent=618"}],"curies":[{"name":"wp","href":"https:\/\/api.w.org\/{rel}","templated":true}]}}