{"id":627,"date":"2024-07-09T10:32:49","date_gmt":"2024-07-09T10:32:49","guid":{"rendered":"https:\/\/dev.melchersvietnam.com\/impressum-4\/"},"modified":"2026-03-23T02:52:18","modified_gmt":"2026-03-23T02:52:18","slug":"imprint","status":"publish","type":"page","link":"https:\/\/melchersvietnam.com\/vn\/imprint\/","title":{"rendered":"Imprint"},"content":{"rendered":"<div data-elementor-type=\"wp-page\" data-elementor-id=\"627\" class=\"elementor elementor-627\" data-elementor-post-type=\"page\">\n\t\t\t\t<div class=\"elementor-element elementor-element-2fe77a8c e-con-full e-flex e-con e-parent\" data-id=\"2fe77a8c\" data-element_type=\"container\" data-e-type=\"container\" data-settings=\"{&quot;background_background&quot;:&quot;classic&quot;}\">\n\t\t<div class=\"elementor-element elementor-element-1968a7dc e-con-full e-flex e-con e-child\" data-id=\"1968a7dc\" data-element_type=\"container\" data-e-type=\"container\" data-settings=\"{&quot;background_background&quot;:&quot;classic&quot;}\">\n\t\t\t\t<div class=\"elementor-element elementor-element-42050bab elementor-widget elementor-widget-heading\" data-id=\"42050bab\" data-element_type=\"widget\" data-e-type=\"widget\" data-widget_type=\"heading.default\">\n\t\t\t\t<div class=\"elementor-widget-container\">\n\t\t\t\t\t<h1 class=\"elementor-heading-title elementor-size-default\">Th\u00f4ng tin doanh nghi\u1ec7p<\/h1>\t\t\t\t<\/div>\n\t\t\t\t<\/div>\n\t\t\t\t<\/div>\n\t\t\t\t<\/div>\n\t\t<div class=\"elementor-element elementor-element-59cfdc56 e-con-full e-flex e-con e-parent\" data-id=\"59cfdc56\" data-element_type=\"container\" data-e-type=\"container\" data-settings=\"{&quot;background_background&quot;:&quot;classic&quot;}\">\n\t\t\t\t<div class=\"elementor-element elementor-element-665ef98 elementor-widget elementor-widget-text-editor\" data-id=\"665ef98\" data-element_type=\"widget\" data-e-type=\"widget\" data-widget_type=\"text-editor.default\">\n\t\t\t\t<div class=\"elementor-widget-container\">\n\t\t\t\t\t\t\t\t\t<p><strong>C\u00f4ng ty TNHH Melchers Vi\u1ec7t Nam<br \/><\/strong>Ph\u00f2ng 402, T\u00f2a nh\u00e0 SATRA<br \/>S\u1ed1 58 \u0110\u1ed3ng Kh\u1edfi<br \/>Ph\u01b0\u1eddng S\u00e0i G\u00f2n<br \/>H\u1ed3 Ch\u00ed Minh, Vi\u1ec7t Nam<\/p><p>MST: 0311505469<\/p><p>T\u1ed5ng gi\u00e1m \u0111\u1ed1c<br \/>\u00f4ng Stephan Pr\u00fctzmann<\/p><p>Tuy\u00ean b\u1ed1 t\u1eeb ch\u1ed1i tr\u00e1ch nhi\u1ec7m<br \/>Th\u00f4ng tin tr\u00ean trang web n\u00e0y, bao g\u1ed3m c\u00e1c li\u00ean k\u1ebft cho ph\u00e9p b\u1ea1n truy c\u1eadp c\u00e1c trang web kh\u00e1c, \u0111\u01b0\u1ee3c cung c\u1ea5p m\u00e0 kh\u00f4ng c\u00f3 b\u1ea5t k\u1ef3 b\u1ea3o \u0111\u1ea3m n\u00e0o. Th\u00f4ng tin c\u00f3 th\u1ec3 ch\u1ee9a th\u00f4ng tin kh\u00f4ng ch\u00ednh x\u00e1c ho\u1eb7c l\u1ed7i \u0111\u00e1nh m\u00e1y. Th\u00f4ng tin c\u00f3 th\u1ec3 \u0111\u01b0\u1ee3c thay \u0111\u1ed5i ho\u1eb7c c\u1eadp nh\u1eadt m\u00e0 kh\u00f4ng c\u1ea7n th\u00f4ng b\u00e1o tr\u01b0\u1edbc.<\/p>\t\t\t\t\t\t\t\t<\/div>\n\t\t\t\t<\/div>\n\t\t\t\t<\/div>\n\t\t\t\t<\/div>","protected":false},"excerpt":{"rendered":"<p>IMPRINT Melchers (Vietnam) Ltd.Room 402, SATRA Building,58 Dong Khoi Street,Sai Gon Ward,Ho Chi Minh City, Vietnam Tax Code: 0311505469 \u200bManaging Director:Stephan Pr\u00fctzmann Disclaimer:Information on this website, including links that let you access other websites, are provided without warranty of any kind. It may contain inaccuracies or typographical errors. Information may be changed or updated without [&hellip;]<\/p>\n","protected":false},"author":6,"featured_media":0,"parent":0,"menu_order":0,"comment_status":"closed","ping_status":"closed","template":"","meta":{"_acf_changed":false,"footnotes":""},"class_list":["post-627","page","type-page","status-publish","hentry"],"acf":[],"yoast_head":"<!-- This site is optimized with the Yoast SEO plugin v27.4 - https:\/\/yoast.com\/product\/yoast-seo-wordpress\/ -->\n<title>Imprint | Melchers Vietnam<\/title>\n<meta name=\"description\" content=\"Company Details | Legal Disclosure | Managing Director | Tax Information \u25b7 View Melchers Vietnam\u2019s official legal and regulatory information\" \/>\n<meta name=\"robots\" content=\"index, follow, max-snippet:-1, max-image-preview:large, max-video-preview:-1\" \/>\n<link rel=\"canonical\" href=\"https:\/\/melchersvietnam.com\/vn\/imprint\/\" \/>\n<meta property=\"og:locale\" content=\"vi_VN\" \/>\n<meta property=\"og:type\" content=\"article\" \/>\n<meta property=\"og:title\" content=\"Imprint | Melchers Vietnam\" \/>\n<meta property=\"og:description\" content=\"Company Details | Legal Disclosure | Managing Director | Tax Information \u25b7 View Melchers Vietnam\u2019s official legal and regulatory information\" \/>\n<meta property=\"og:url\" content=\"https:\/\/melchersvietnam.com\/vn\/imprint\/\" \/>\n<meta property=\"og:site_name\" content=\"Melchers Vietnam\" \/>\n<meta property=\"article:modified_time\" content=\"2026-03-23T02:52:18+00:00\" \/>\n<meta name=\"twitter:card\" content=\"summary_large_image\" \/>\n<meta name=\"twitter:label1\" content=\"\u01af\u1edbc t\u00ednh th\u1eddi gian \u0111\u1ecdc\" \/>\n\t<meta name=\"twitter:data1\" content=\"1 ph\u00fat\" \/>\n<script type=\"application\/ld+json\" class=\"yoast-schema-graph\">{\"@context\":\"https:\\\/\\\/schema.org\",\"@graph\":[{\"@type\":\"WebPage\",\"@id\":\"https:\\\/\\\/melchersvietnam.com\\\/imprint\\\/\",\"url\":\"https:\\\/\\\/melchersvietnam.com\\\/imprint\\\/\",\"name\":\"Imprint | Melchers Vietnam\",\"isPartOf\":{\"@id\":\"https:\\\/\\\/melchersvietnam.com\\\/#website\"},\"datePublished\":\"2024-07-09T10:32:49+00:00\",\"dateModified\":\"2026-03-23T02:52:18+00:00\",\"description\":\"Company Details | Legal Disclosure | Managing Director | Tax Information \u25b7 View Melchers Vietnam\u2019s official legal and regulatory information\",\"breadcrumb\":{\"@id\":\"https:\\\/\\\/melchersvietnam.com\\\/imprint\\\/#breadcrumb\"},\"inLanguage\":\"vi\",\"potentialAction\":[{\"@type\":\"ReadAction\",\"target\":[\"https:\\\/\\\/melchersvietnam.com\\\/imprint\\\/\"]}]},{\"@type\":\"BreadcrumbList\",\"@id\":\"https:\\\/\\\/melchersvietnam.com\\\/imprint\\\/#breadcrumb\",\"itemListElement\":[{\"@type\":\"ListItem\",\"position\":1,\"name\":\"Home\",\"item\":\"https:\\\/\\\/melchersvietnam.com\\\/\"},{\"@type\":\"ListItem\",\"position\":2,\"name\":\"Imprint\"}]},{\"@type\":\"WebSite\",\"@id\":\"https:\\\/\\\/melchersvietnam.com\\\/#website\",\"url\":\"https:\\\/\\\/melchersvietnam.com\\\/\",\"name\":\"Melchers Vietnam\",\"description\":\"\",\"publisher\":{\"@id\":\"https:\\\/\\\/melchersvietnam.com\\\/#organization\"},\"alternateName\":\"Melchers Vietnam\",\"potentialAction\":[{\"@type\":\"SearchAction\",\"target\":{\"@type\":\"EntryPoint\",\"urlTemplate\":\"https:\\\/\\\/melchersvietnam.com\\\/?s={search_term_string}\"},\"query-input\":{\"@type\":\"PropertyValueSpecification\",\"valueRequired\":true,\"valueName\":\"search_term_string\"}}],\"inLanguage\":\"vi\"},{\"@type\":\"Organization\",\"@id\":\"https:\\\/\\\/melchersvietnam.com\\\/#organization\",\"name\":\"Melchers Thailand\",\"url\":\"https:\\\/\\\/melchersvietnam.com\\\/\",\"logo\":{\"@type\":\"ImageObject\",\"inLanguage\":\"vi\",\"@id\":\"https:\\\/\\\/melchersvietnam.com\\\/#\\\/schema\\\/logo\\\/image\\\/\",\"url\":\"https:\\\/\\\/melchersvietnam.com\\\/wp-content\\\/uploads\\\/2024\\\/07\\\/Melchers_Logo_2021_RGB_RZ.png\",\"contentUrl\":\"https:\\\/\\\/melchersvietnam.com\\\/wp-content\\\/uploads\\\/2024\\\/07\\\/Melchers_Logo_2021_RGB_RZ.png\",\"width\":1000,\"height\":410,\"caption\":\"Melchers Thailand\"},\"image\":{\"@id\":\"https:\\\/\\\/melchersvietnam.com\\\/#\\\/schema\\\/logo\\\/image\\\/\"}}]}<\/script>\n<!-- \/ Yoast SEO plugin. -->","yoast_head_json":{"title":"Imprint | Melchers Vietnam","description":"Company Details | Legal Disclosure | Managing Director | Tax Information \u25b7 View Melchers Vietnam\u2019s official legal and regulatory information","robots":{"index":"index","follow":"follow","max-snippet":"max-snippet:-1","max-image-preview":"max-image-preview:large","max-video-preview":"max-video-preview:-1"},"canonical":"https:\/\/melchersvietnam.com\/vn\/imprint\/","og_locale":"vi_VN","og_type":"article","og_title":"Imprint | Melchers Vietnam","og_description":"Company Details | Legal Disclosure | Managing Director | Tax Information \u25b7 View Melchers Vietnam\u2019s official legal and regulatory information","og_url":"https:\/\/melchersvietnam.com\/vn\/imprint\/","og_site_name":"Melchers Vietnam","article_modified_time":"2026-03-23T02:52:18+00:00","twitter_card":"summary_large_image","twitter_misc":{"\u01af\u1edbc t\u00ednh th\u1eddi gian \u0111\u1ecdc":"1 ph\u00fat"},"schema":{"@context":"https:\/\/schema.org","@graph":[{"@type":"WebPage","@id":"https:\/\/melchersvietnam.com\/imprint\/","url":"https:\/\/melchersvietnam.com\/imprint\/","name":"Imprint | Melchers Vietnam","isPartOf":{"@id":"https:\/\/melchersvietnam.com\/#website"},"datePublished":"2024-07-09T10:32:49+00:00","dateModified":"2026-03-23T02:52:18+00:00","description":"Company Details | Legal Disclosure | Managing Director | Tax Information \u25b7 View Melchers Vietnam\u2019s official legal and regulatory information","breadcrumb":{"@id":"https:\/\/melchersvietnam.com\/imprint\/#breadcrumb"},"inLanguage":"vi","potentialAction":[{"@type":"ReadAction","target":["https:\/\/melchersvietnam.com\/imprint\/"]}]},{"@type":"BreadcrumbList","@id":"https:\/\/melchersvietnam.com\/imprint\/#breadcrumb","itemListElement":[{"@type":"ListItem","position":1,"name":"Home","item":"https:\/\/melchersvietnam.com\/"},{"@type":"ListItem","position":2,"name":"Imprint"}]},{"@type":"WebSite","@id":"https:\/\/melchersvietnam.com\/#website","url":"https:\/\/melchersvietnam.com\/","name":"Melchers Vi\u1ec7t Nam","description":"","publisher":{"@id":"https:\/\/melchersvietnam.com\/#organization"},"alternateName":"Melchers Vietnam","potentialAction":[{"@type":"SearchAction","target":{"@type":"EntryPoint","urlTemplate":"https:\/\/melchersvietnam.com\/?s={search_term_string}"},"query-input":{"@type":"PropertyValueSpecification","valueRequired":true,"valueName":"search_term_string"}}],"inLanguage":"vi"},{"@type":"Organization","@id":"https:\/\/melchersvietnam.com\/#organization","name":"Melchers Thailand","url":"https:\/\/melchersvietnam.com\/","logo":{"@type":"ImageObject","inLanguage":"vi","@id":"https:\/\/melchersvietnam.com\/#\/schema\/logo\/image\/","url":"https:\/\/melchersvietnam.com\/wp-content\/uploads\/2024\/07\/Melchers_Logo_2021_RGB_RZ.png","contentUrl":"https:\/\/melchersvietnam.com\/wp-content\/uploads\/2024\/07\/Melchers_Logo_2021_RGB_RZ.png","width":1000,"height":410,"caption":"Melchers Thailand"},"image":{"@id":"https:\/\/melchersvietnam.com\/#\/schema\/logo\/image\/"}}]}},"_links":{"self":[{"href":"https:\/\/melchersvietnam.com\/vn\/wp-json\/wp\/v2\/pages\/627","targetHints":{"allow":["GET"]}}],"collection":[{"href":"https:\/\/melchersvietnam.com\/vn\/wp-json\/wp\/v2\/pages"}],"about":[{"href":"https:\/\/melchersvietnam.com\/vn\/wp-json\/wp\/v2\/types\/page"}],"author":[{"embeddable":true,"href":"https:\/\/melchersvietnam.com\/vn\/wp-json\/wp\/v2\/users\/6"}],"replies":[{"embeddable":true,"href":"https:\/\/melchersvietnam.com\/vn\/wp-json\/wp\/v2\/comments?post=627"}],"version-history":[{"count":51,"href":"https:\/\/melchersvietnam.com\/vn\/wp-json\/wp\/v2\/pages\/627\/revisions"}],"predecessor-version":[{"id":7022,"href":"https:\/\/melchersvietnam.com\/vn\/wp-json\/wp\/v2\/pages\/627\/revisions\/7022"}],"wp:attachment":[{"href":"https:\/\/melchersvietnam.com\/vn\/wp-json\/wp\/v2\/media?parent=627"}],"curies":[{"name":"wp","href":"https:\/\/api.w.org\/{rel}","templated":true}]}}